{"id":185,"date":"2021-02-06T18:02:06","date_gmt":"2021-02-06T20:02:06","guid":{"rendered":"https:\/\/csr.ufmg.br\/ppgamsa\/?page_id=185"},"modified":"2024-09-19T10:52:16","modified_gmt":"2024-09-19T13:52:16","slug":"infraestrutura","status":"publish","type":"page","link":"https:\/\/csr.ufmg.br\/ppgamsa\/br\/programa\/infraestrutura\/","title":{"rendered":"Laborat\u00f3rios e Centros de Pesquisa"},"content":{"rendered":"<div class=\"fusion-fullwidth fullwidth-box fusion-builder-row-1 fusion-flex-container nonhundred-percent-fullwidth non-hundred-percent-height-scrolling\" style=\"background-color: rgba(255,255,255,0);background-position: center center;background-repeat: no-repeat;border-width: 0px 0px 0px 0px;border-color:#eae9e9;border-style:solid;\" ><div class=\"fusion-builder-row fusion-row fusion-flex-align-items-flex-start\" style=\"max-width:1248px;margin-left: calc(-4% \/ 2 );margin-right: calc(-4% \/ 2 );\"><div class=\"fusion-layout-column fusion_builder_column fusion-builder-column-0 fusion_builder_column_1_1 1_1 fusion-flex-column\"><div class=\"fusion-column-wrapper fusion-flex-justify-content-flex-start fusion-content-layout-column\" style=\"background-position:left top;background-repeat:no-repeat;-webkit-background-size:cover;-moz-background-size:cover;-o-background-size:cover;background-size:cover;padding: 0px 0px 0px 0px;\"><style type=\"text\/css\">@media only screen and (max-width:1024px) {.fusion-title.fusion-title-1{margin-top:10px!important;margin-bottom:30px!important;}}<\/style><div class=\"fusion-title title fusion-title-1 fusion-title-text fusion-title-size-one\" style=\"margin-top:10px;margin-bottom:30px;\"><div class=\"title-sep-container title-sep-container-left fusion-no-large-visibility fusion-no-medium-visibility fusion-no-small-visibility\"><div class=\"title-sep sep-\" style=\"border-color:#ae895d;\"><\/div><\/div><h1 class=\"title-heading-left\" style=\"margin:0;\">Laborat\u00f3rios e Centros de Pesquisa<\/h1><div class=\"title-sep-container title-sep-container-right\"><div class=\"title-sep sep-\" style=\"border-color:#ae895d;\"><\/div><\/div><\/div><div class=\"fusion-text fusion-text-1\"><p style=\"text-align: justify;\">A infraestrutura f\u00edsica, computacional e administrativa se encontra em permanente atualiza\u00e7\u00e3o. Com o recurso oriundo das inscri\u00e7\u00f5es do simp\u00f3sio de 2018, principalmente, devido a participa\u00e7\u00e3o efetiva dos discentes na organiza\u00e7\u00e3o, permitiu captar recurso para aquisi\u00e7\u00e3o de infraestrutura que inclui uma TV\/monitor de 55 polegadas para proje\u00e7\u00e3o e ensaios de apresenta\u00e7\u00f5es e um espa\u00e7o de viv\u00eancia na sala dos discentes. Com recursos financiados atrav\u00e9s de projetos do Centro de Sensoriamento Remoto (CSR) no ano de 2020 foi equipada uma sala de videoconfer\u00eancia com a mais recente tecnologia para apresenta\u00e7\u00f5es, incluindo smart TV, quadro digital touchscreen. A infraestrutura f\u00edsica, computacional e administrativa, para al\u00e9m desses espa\u00e7o comuns de uso exclusivo de docentes e discentes do PPG-AMSA, o programa conta com 10 laborat\u00f3rios associados, cuja infraestrutura \u00e9 descrita a seguir:<\/p>\n<p style=\"text-align: justify;\"><strong>Centro de Sensoriamento Remoto (CSR)<\/strong><br \/>\nInfraestrutura que desenvolve pesquisas e aplica\u00e7\u00f5es em Modelagem Ambiental com expertise nas \u00e1reas de Geoprocessamento, Cartografia Digital e Modelagem Ambiental, particularmente das din\u00e2micas do uso da terra, espalhamento do fogo florestal, conserva\u00e7\u00e3o da biodiversidade. Este centro disp\u00f5e de ferramentas computacionais para geoprocessamento e modelagem ambiental; incluindo o software DINAMICA EGO desenvolvido pelo pr\u00f3prio centro. CSR hoje conta com uma esta\u00e7\u00e3o multiusu\u00e1rio de processamento de alta performance, com 32 processadores, 64 megabytes de RAM e 50 terabytes de armazenamento. O CSR disponibiliza a toda a comunidade um reposit\u00f3rio de dados geoespaciais no seu servidor de mapas (https:\/\/maps.csr.ufmg.br\/).<\/p>\n<p style=\"text-align: justify;\"><strong>Laborat\u00f3rio de Estudos Territoriais (LESTE)<\/strong><br \/>\n<span style=\"color: var(--body_typography-color); font-family: var(--body_typography-font-family); font-size: var(--body_typography-font-size); font-style: var(--body_typography-font-style,normal); font-weight: var(--body_typography-font-weight); letter-spacing: var(--body_typography-letter-spacing); background-color: rgba(255, 255, 255, 0);\">Espa\u00e7o de pesquisa que oferece suporte a diversos trabalhos nas \u00e1reas de Geografia, an\u00e1lise espacial, estudos socioecon\u00f4micos. <\/span><span style=\"color: var(--body_typography-color); font-family: var(--body_typography-font-family); font-size: var(--body_typography-font-size); font-style: var(--body_typography-font-style,normal); font-weight: var(--body_typography-font-weight); letter-spacing: var(--body_typography-letter-spacing); background-color: rgba(255, 255, 255, 0);\">Dentre os temas trabalhados, importa destacar a presen\u00e7a sempre constante da Cartografia Hist\u00f3rica e de \u00e1reas do conhecimento associadas \u00e0 An\u00e1lise Regional, Popula\u00e7\u00e3o e Espa\u00e7o, Rede Urbana e Geopol\u00edtica. O laborat\u00f3rio disp\u00f5e de microdados de diversas pesquisas p\u00fablicas (Censos Demogr\u00e1ficos, Pesquisas Nacionais por Amostra Domiciliar, Rela\u00e7\u00e3o Anual de Informa\u00e7\u00f5es Sociais), al\u00e9m de bases cartogr\u00e1ficas adquiridas do IBGE e bases pr\u00f3prias resultantes de pesquisas recentes. <\/span><span style=\"color: var(--body_typography-color); font-family: var(--body_typography-font-family); font-size: var(--body_typography-font-size); font-style: var(--body_typography-font-style,normal); font-weight: var(--body_typography-font-weight); letter-spacing: var(--body_typography-letter-spacing); background-color: rgba(255, 255, 255, 0);\">Atualmente, o LESTE conta com sete microcomputadores e dois laptops, impressora laser e jato de tinta, scanner, projetor e equipamentos de apoio did\u00e1tico. Entre os programas execut\u00e1veis mais utilizados pode-se citar: SPSS, ArcGIS, MapInfo, MicroStation, Adobe Photoshop, entre outros. <\/span><u><b style=\"color: #027175;\"><\/b><\/u><\/p>\n<p style=\"text-align: justify;\"><span style=\"background-color: rgba(255, 255, 255, 0); color: var(--body_typography-color); font-family: var(--body_typography-font-family); font-size: var(--body_typography-font-size); font-style: var(--body_typography-font-style,normal); font-weight: var(--body_typography-font-weight); letter-spacing: var(--body_typography-letter-spacing);\"><strong>Laborat\u00f3rio de Geomorfologia<\/strong><br \/>\nO Laborat\u00f3rio de Geomorfologia tem por objetivo desenvolver pesquisas relacionadas a solos e geomorfologia. S\u00e3o realizadas an\u00e1lises da parte f\u00edsica do solo como textura, pH, condutividade el\u00e9trica, densidade de part\u00edculas e an\u00e1lise de qualidade de \u00e1gua. S\u00e3o desenvolvidas as atividades de ensino, pesquisa e extens\u00e3o de alunos da gradua\u00e7\u00e3o e p\u00f3s-gradua\u00e7\u00e3o. Conjuntamente com o Laborat\u00f3rio de Solos e Meio Ambiente, o Laborat\u00f3rio de Geomorfologia realiza an\u00e1lises de solos e \u00e1gua de propriedades rurais diretamente atingidas pelo desastre do rompimento da barragem de Fund\u00e3o no munic\u00edpio de Mariana ao longo da calha do Rio Doce.<\/span><u><b><\/b><\/u><\/p>\n<p style=\"text-align: justify;\"><span style=\"background-color: rgba(255, 255, 255, 0); color: var(--body_typography-color); font-family: var(--body_typography-font-family); font-size: var(--body_typography-font-size); font-style: var(--body_typography-font-style,normal); font-weight: var(--body_typography-font-weight); letter-spacing: var(--body_typography-letter-spacing);\"><strong>Laborat\u00f3rio de Solos e Meio Ambiente<\/strong><br \/>\nInfraestrutura que realizada an\u00e1lises relacionadas \u00e0 estrutura do solo e \u00e1gua no solo, incluindo an\u00e1lises de densidade, estabilidade de agregados, curva de reten\u00e7\u00e3o de \u00e1gua no solo, macroporosidade, microporosidade e limite de liquidez e micromorfologia de solos. O laborat\u00f3rio desenvolve projetos em parceria com EPAMIG (Empresa de Pesquisa Agropecu\u00e1ria de Minas Gerais), EMBRAPA SOLOS, e EMATER-MG (Empresa de Assist\u00eancia T\u00e9cnica e Extens\u00e3o Rural do Estado de Minas Gerais.<\/span><\/p>\n<p style=\"text-align: justify;\"><span style=\"background-color: rgba(255, 255, 255, 0); color: var(--body_typography-color); font-family: var(--body_typography-font-family); font-size: var(--body_typography-font-size); font-style: var(--body_typography-font-style,normal); font-weight: var(--body_typography-font-weight); letter-spacing: var(--body_typography-letter-spacing);\"><strong>Laborat\u00f3rio de Topografia<\/strong><br \/>\nInfraestrutura vital de apoio a atividades did\u00e1ticas que conta com equipamentos de topografia e geod\u00e9sia que fornece apoio tamb\u00e9m \u00e0 atividades de pesquisa e extens\u00e3o. O laborat\u00f3rio conta com instrumentos de levantamentos como esta\u00e7\u00f5es totais, n\u00edveis, receptores GNSS, drone\/VANT e material de suporte como radiotransmissores. O Laborat\u00f3rio de Topografia inclui tamb\u00e9m computadores e software para processamento dos dados de levantamento, incluindo processamentos aerofotogram\u00e9tricos e modelagem tridimensional de imagens de drone. <\/span><\/p>\n<p style=\"text-align: justify;\"><strong>Laborat\u00f3rio de Pr\u00e1ticas Cartogr\u00e1ficas e Geoprocessamento<\/strong><br \/>\nInfraestrutura que conta com duas salas: uma com uso priorit\u00e1rio para pesquisa, e outra com uso priorit\u00e1rio para o ensino. A sala de ensino conta com 36 computadores em rede e software para alunos e recursos multim\u00eddia para aula. A sala para pesquisa conta com 15 computadores em rede e softwares para alunos, professores e pesquisadores em geral. A maioria das pr\u00e1ticas das disciplinas do PPG-AMSA s\u00e3o dadas nesse laborat\u00f3rio, cuja manuten\u00e7\u00e3o tem sido financiada por recursos de projetos de pesquisa e extens\u00e3o dos docentes do PPG-AMSA. Os softwares dispon\u00edveis e constantemente utilizados s\u00e3o: ArcGIS, QGIS, ENVI, DINAMICA EGO, SPRING, R, GPS TrackMaker; MicroStation, IDRISI.<\/p>\n<p style=\"text-align: justify;\"><strong>Transportation Research and Environmental Modelling<\/strong><br \/>\nSua infraestrutura computacional conta com duas esta\u00e7\u00f5es de trabalho de alta capacidade de processamento instaladas no local e 4 laptops para acesso remoto para os alunos bolsistas, al\u00e9m de impressora e mesas\/bancadas para atender a 5 alunos. Desde sua cria\u00e7\u00e3o h\u00e1 3 anos, o TREM tem servido a projetos de pesquisa (GIZ 2017, TCU 2018 e ANAC 2020) e extens\u00e3o (VLI 2017, Environment\/UFLA 2019) com constante capta\u00e7\u00e3o de fundos e manuten\u00e7\u00e3o de equipamentos e bolsas, com destaque para a metodologia de modelagem de corredores de viabilidade econ\u00f4mica, t\u00e9cnica e ambiental de corredores de transporte.<\/p>\n<p style=\"text-align: justify;\"><span style=\"background-color: rgba(255, 255, 255, 0); color: var(--body_typography-color); font-family: var(--body_typography-font-family); font-size: var(--body_typography-font-size); font-style: var(--body_typography-font-style,normal); font-weight: var(--body_typography-font-weight); letter-spacing: var(--body_typography-letter-spacing);\"><strong>Laborat\u00f3rio de Gest\u00e3o de Servi\u00e7os Ambientais (LAGESA)<\/strong><br \/>\nCriado em 2012, o LAGESA conta com uma equipe de 10 pesquisadores de diferentes percursos acad\u00eamicos que desenvolvem estudos na \u00e1rea de gest\u00e3o ambiental. Em conson\u00e2ncia com sua miss\u00e3o de promover uma maior participa\u00e7\u00e3o da ci\u00eancia no \u00e2mbito das decis\u00f5es em pol\u00edticas ambientais no Brasil, o laborat\u00f3rio hoje desenvolve estudos reconhecidos na esfera p\u00fablica e cultiva alian\u00e7as com entidades como o F\u00f3rum Brasileiro de Mudan\u00e7as Clim\u00e1ticas e o Observat\u00f3rio do C\u00f3digo Florestal. O LAGESA tem sido um forte ponto de apoio para o desenvolvimento de pesquisas e visibilidade internacional do PPG-AMSA, fruto da intera\u00e7\u00e3o, interdisciplinaridade e transdisciplinaridade do programa. <\/span><\/p>\n<p style=\"text-align: justify;\"><strong>Pattern Recognition and Earth Observation (PATREO)<\/strong><br \/>\nIntegra pesquisas acad\u00eamicas na \u00e1rea de vis\u00e3o computacional de docentes e alunos de doutorado, mestrado e inicia\u00e7\u00e3o cient\u00edfica. Sua infraestrutura conta atualmente com: servidores de armazenamento e backup (88 TB de capacidade); servidores de processamento com virtualiza\u00e7\u00e3o em m\u00faltiplos processadores (152 cores); alta capacidade de mem\u00f3ria RAM (1,14 TB); e servidores para processamento pesado (12 GPUs &#8212; Geforce GTX Titan X). O PATREO desenvolve pesquisa em t\u00f3picos de aprendizado de m\u00e1quina, processamento de imagens e vis\u00e3o computacional com foco principalmente em aplica\u00e7\u00f5es para monitoramento da superf\u00edcie terrestre, o que requer o processamento de imagens de sensoriamento remoto.<\/p>\n<p style=\"text-align: justify;\"><strong>Laborat\u00f3rio em An\u00e1lise e Modelagem Aplicada \u00e0 Sa\u00fade<\/strong><br \/>\nInfraestrutura criada em 2020, mesmo durante a pandemia, atrav\u00e9s de recursos provenientes de projeto aprovado no Edital CAPES\/EPIDEMIAS-COVID 19. O projeto financiou a cria\u00e7\u00e3o de um laborat\u00f3rio e aquisi\u00e7\u00e3o de material (82 mil reais) que inclui um servidor (Esta\u00e7\u00e3o de processamento no valor de 22 mil reais e cinco computadores no valor de 66 mil reais) para al\u00e9m todo o equipamento permanente conforme mostra a Figura 2 em anexo(documento Material Suplementar).<\/p>\n<\/div><div class=\"fusion-separator fusion-has-icon fusion-full-width-sep\" style=\"align-self: center;margin-left: auto;margin-right: auto;margin-top:0px;margin-bottom:10px;width:100%;\"><div class=\"fusion-separator-border sep-single sep-solid\" style=\"border-color:#ae895d;border-top-width:1px;\"><\/div><span class=\"icon-wrapper\" style=\"border-color:transparent;font-size:15px;width: 1.75em; height: 1.75em;border-width:1px;padding:1px;margin-top:-0.5px\"><i class=\"fa-caret-square-down fas\" style=\"font-size: inherit;color:#ae895d;\" aria-hidden=\"true\"><\/i><\/span><div class=\"fusion-separator-border sep-single sep-solid\" style=\"border-color:#ae895d;border-top-width:1px;\"><\/div><\/div><div class=\"fusion-text fusion-text-2\"><p style=\"text-align: justify;\">O discente do PPG-AMSA, como aluno da Universidade Federal de Minas Gerais, tem acesso aos recursos de tecnologia de informa\u00e7\u00e3o da universidade, que incluem assinaturas eletr\u00f4nicas, endere\u00e7os eletr\u00f4nicos e acessos remotos para computadores port\u00e1teis e dispositivos celulares. Al\u00e9m dos aplicativos dispon\u00edveis nos diversos laborat\u00f3rios j\u00e1 apresentados, os alunos do PPG-AMSA possuem tamb\u00e9m acesso ao LCC-CENAPAD, que \u00e9 um centro de presta\u00e7\u00e3o de servi\u00e7os e desenvolvimento de projetos de tecnologia da informa\u00e7\u00e3o para pesquisa e ensino (https:\/\/www.lcc.ufmg.br\/index.php\/softwares-licenciados). Dentre os aplicativos frequentemente requisitados destacam-se o SPSS e o MATLAB.<\/p>\n<p style=\"text-align: justify;\">Alunos e professores do PPG-AMSA possuem acesso aos recursos de inform\u00e1tica e aprendizagem do CAED (Centro de Apoio \u00e0 Educa\u00e7\u00e3o a Dist\u00e2ncia) da UFMG, recursos que permitem, por exemplo, acesso a salas de videoconfer\u00eancia https:\/\/virtual.ufmg.br\/caed\/). De forma an\u00e1loga, os modelos computacionais trabalhados nas pesquisas do PPG-AMSA poder\u00e3o ter acesso ao supercomputador com 848 processadores e disco r\u00edgido de 40 terabytes, instalado no Centro regional do Sistema Nacional de Processamento de Alto Desempenho (Sinapad) do Minist\u00e9rio de Ci\u00eancia e Tecnologia, vinculado ao Laborat\u00f3rio de Computa\u00e7\u00e3o Cient\u00edfica (LCC) do ICEx. Todavia, seu uso \u00e9 restrito e agendado, e deve atender a crit\u00e9rios espec\u00edficos.<\/p>\n<p style=\"text-align: justify;\">No PPG-AMSA, as atividades de trabalho de campo e as visitas t\u00e9cnicas essenciais ao desenvolvimento das pesquisas de interesse de seu corpo docente\/discente contam com o apoio log\u00edstico de ve\u00edculos automotores que integram o acervo do Instituto de Geoci\u00eancias (IGC\/UFMG). Esses ve\u00edculos s\u00e3o, tamb\u00e9m, sistematicamente usados na execu\u00e7\u00e3o de trabalhos de campo desenvolvidos no contexto de disciplinas que integram a estrutura curricular do programa, nos n\u00edveis mestrado e doutorado.<\/p>\n<\/div><\/div><\/div><style type=\"text\/css\">.fusion-body .fusion-builder-column-0{width:100% !important;margin-top : 0px;margin-bottom : 20px;}.fusion-builder-column-0 > .fusion-column-wrapper {padding-top : 0px !important;padding-right : 0px !important;margin-right : 1.92%;padding-bottom : 0px !important;padding-left : 0px !important;margin-left : 1.92%;}@media only screen and (max-width:1024px) {.fusion-body .fusion-builder-column-0{width:100% !important;order : 0;}.fusion-builder-column-0 > .fusion-column-wrapper {margin-right : 1.92%;margin-left : 1.92%;}}@media only screen and (max-width:640px) {.fusion-body .fusion-builder-column-0{width:100% !important;order : 0;}.fusion-builder-column-0 > .fusion-column-wrapper {margin-right : 1.92%;margin-left : 1.92%;}}<\/style><\/div><style type=\"text\/css\">.fusion-body .fusion-flex-container.fusion-builder-row-1{ padding-top : 0px;margin-top : 0px;padding-right : 0px;padding-bottom : 0px;margin-bottom : 0px;padding-left : 0px;}<\/style><\/div>\n","protected":false},"excerpt":{"rendered":"","protected":false},"author":3,"featured_media":0,"parent":276,"menu_order":4,"comment_status":"closed","ping_status":"closed","template":"","meta":[],"_links":{"self":[{"href":"https:\/\/csr.ufmg.br\/ppgamsa\/wp-json\/wp\/v2\/pages\/185"}],"collection":[{"href":"https:\/\/csr.ufmg.br\/ppgamsa\/wp-json\/wp\/v2\/pages"}],"about":[{"href":"https:\/\/csr.ufmg.br\/ppgamsa\/wp-json\/wp\/v2\/types\/page"}],"author":[{"embeddable":true,"href":"https:\/\/csr.ufmg.br\/ppgamsa\/wp-json\/wp\/v2\/users\/3"}],"replies":[{"embeddable":true,"href":"https:\/\/csr.ufmg.br\/ppgamsa\/wp-json\/wp\/v2\/comments?post=185"}],"version-history":[{"count":10,"href":"https:\/\/csr.ufmg.br\/ppgamsa\/wp-json\/wp\/v2\/pages\/185\/revisions"}],"predecessor-version":[{"id":2352,"href":"https:\/\/csr.ufmg.br\/ppgamsa\/wp-json\/wp\/v2\/pages\/185\/revisions\/2352"}],"up":[{"embeddable":true,"href":"https:\/\/csr.ufmg.br\/ppgamsa\/wp-json\/wp\/v2\/pages\/276"}],"wp:attachment":[{"href":"https:\/\/csr.ufmg.br\/ppgamsa\/wp-json\/wp\/v2\/media?parent=185"}],"curies":[{"name":"wp","href":"https:\/\/api.w.org\/{rel}","templated":true}]}}