{"id":2378,"date":"2024-09-12T15:40:23","date_gmt":"2024-09-12T18:40:23","guid":{"rendered":"https:\/\/csr.ufmg.br\/ppgamsa\/?page_id=2378"},"modified":"2024-09-19T10:39:51","modified_gmt":"2024-09-19T13:39:51","slug":"matricula","status":"publish","type":"page","link":"https:\/\/csr.ufmg.br\/ppgamsa\/br\/secretaria\/matricula\/","title":{"rendered":"Matr\u00edcula"},"content":{"rendered":"<div class=\"fusion-fullwidth fullwidth-box fusion-builder-row-1 fusion-flex-container nonhundred-percent-fullwidth non-hundred-percent-height-scrolling\" style=\"background-color: rgba(255,255,255,0);background-position: center center;background-repeat: no-repeat;border-width: 0px 0px 0px 0px;border-color:#eae9e9;border-style:solid;\" ><div class=\"fusion-builder-row fusion-row fusion-flex-align-items-flex-start\" style=\"max-width:1248px;margin-left: calc(-4% \/ 2 );margin-right: calc(-4% \/ 2 );\"><div class=\"fusion-layout-column fusion_builder_column fusion-builder-column-0 fusion_builder_column_1_1 1_1 fusion-flex-column\"><div class=\"fusion-column-wrapper fusion-flex-justify-content-flex-start fusion-content-layout-column\" style=\"background-position:left top;background-repeat:no-repeat;-webkit-background-size:cover;-moz-background-size:cover;-o-background-size:cover;background-size:cover;padding: 0px 0px 0px 0px;\"><style type=\"text\/css\">@media only screen and (max-width:1024px) {.fusion-title.fusion-title-1{margin-top:0px!important;margin-bottom:20px!important;}}<\/style><div class=\"fusion-title title fusion-title-1 fusion-sep-none fusion-title-text fusion-title-size-one\" style=\"margin-top:0px;margin-bottom:20px;\"><h1 class=\"title-heading-left\" style=\"margin:0;\">Matr\u00edcula<\/h1><\/div><div class=\"fusion-text fusion-text-1\"><p>A matr\u00edcula \u00e9 realizada a cada semestre letivo, na data estabelecida no <a href=\"https:\/\/ufmg.br\/a-universidade\/calendario-academico\" target=\"_blank\" rel=\"noopener noreferrer\">Calend\u00e1rio Acad\u00eamico<\/a> da UFMG.<\/p>\n<p>Novos alunos receber\u00e3o um comunicado da secretaria com orienta\u00e7\u00f5es para a primeira matr\u00edcula. Quem j\u00e1 \u00e9 discente do programa deve solicitar sua matr\u00edcula no <a href=\"https:\/\/sistemas.ufmg.br\/idp\/login.jsp\">Minha UFMG.<\/a><\/p>\n<p>Em caso de d\u00favidas, entre em contato com a secretaria do PPGAMSA.<\/p>\n<\/div><div class=\"fusion-separator fusion-has-icon fusion-full-width-sep\" style=\"align-self: center;margin-left: auto;margin-right: auto;margin-bottom:20px;width:100%;\"><div class=\"fusion-separator-border sep-single sep-solid\" style=\"border-color:#ae895d;border-top-width:1px;\"><\/div><span class=\"icon-wrapper\" style=\"border-color:transparent;font-size:15px;width: 1.75em; height: 1.75em;border-width:1px;padding:1px;margin-top:-0.5px\"><i class=\"fa-caret-square-down fas\" style=\"font-size: inherit;color:#ae895d;\" aria-hidden=\"true\"><\/i><\/span><div class=\"fusion-separator-border sep-single sep-solid\" style=\"border-color:#ae895d;border-top-width:1px;\"><\/div><\/div><style type=\"text\/css\">@media only screen and (max-width:1024px) {.fusion-title.fusion-title-2{margin-top:0px!important;margin-bottom:20px!important;}}<\/style><div class=\"fusion-title title fusion-title-2 fusion-sep-none fusion-title-text fusion-title-size-one\" style=\"margin-top:0px;margin-bottom:20px;\"><h1 class=\"title-heading-left\" style=\"margin:0;\">Novidades relacionadas \u00e0 matr\u00edcula<\/h1><\/div><div class=\"fusion-recent-posts fusion-recent-posts-1 avada-container layout-default layout-columns-1\"><section class=\"fusion-columns columns fusion-columns-1 columns-1\"><article class=\"post fusion-column column col col-lg-12 col-md-12 col-sm-12\"><div class=\"recent-posts-content\"><span class=\"vcard\" style=\"display: none;\"><span class=\"fn\"><a href=\"https:\/\/csr.ufmg.br\/ppgamsa\/author\/modelagem\/\" title=\"Posts de Secretaria\" rel=\"author\">Secretaria<\/a><\/span><\/span><span class=\"updated\" style=\"display:none;\">2025-07-17T10:44:07-03:00<\/span><h4 class=\"entry-title\"><a href=\"https:\/\/csr.ufmg.br\/ppgamsa\/quadro-de-horarios-e-salas-oferta-2025-2\/\">Quadro de Hor\u00e1rios e Salas &#8211; Oferta 2025\/2<\/a><\/h4><p class=\"meta\"><span class=\"vcard\" style=\"display: none;\"><span class=\"fn\"><a href=\"https:\/\/csr.ufmg.br\/ppgamsa\/author\/modelagem\/\" title=\"Posts de Secretaria\" rel=\"author\">Secretaria<\/a><\/span><\/span><span class=\"updated\" style=\"display:none;\">2025-07-17T10:44:07-03:00<\/span><span>17 de julho de 2025<\/span><span class=\"fusion-inline-sep\">|<\/span><a href=\"https:\/\/csr.ufmg.br\/ppgamsa\/category\/matricula\/\" rel=\"category tag\">Matr\u00edcula<\/a>, <a href=\"https:\/\/csr.ufmg.br\/ppgamsa\/category\/noticias\/\" rel=\"category tag\">Not\u00edcias<\/a><span class=\"fusion-inline-sep\">|<\/span><\/p><p>A Secretaria do Colegiado de P\u00f3s-Gradua\u00e7\u00e3o em An\u00e1lise e Modelagem de Sistemas Ambientais informa que a disciplina CRT827: Sensoriamento Remoto para Sistemas Ambientais: princ\u00edpios, m\u00e9todos e aplica\u00e7\u00f5es - 60h\/04, cr\u00e9ditos, OP, ofertada pelo professor Marcos [...]<\/p><\/div><\/article><article class=\"post fusion-column column col col-lg-12 col-md-12 col-sm-12\"><div class=\"recent-posts-content\"><span class=\"vcard\" style=\"display: none;\"><span class=\"fn\"><a href=\"https:\/\/csr.ufmg.br\/ppgamsa\/author\/modelagem\/\" title=\"Posts de Secretaria\" rel=\"author\">Secretaria<\/a><\/span><\/span><span class=\"updated\" style=\"display:none;\">2025-07-03T11:51:26-03:00<\/span><h4 class=\"entry-title\"><a href=\"https:\/\/csr.ufmg.br\/ppgamsa\/quadro-de-oferta-2025-2\/\">Quadro de Oferta 2025\/2<\/a><\/h4><p class=\"meta\"><span class=\"vcard\" style=\"display: none;\"><span class=\"fn\"><a href=\"https:\/\/csr.ufmg.br\/ppgamsa\/author\/modelagem\/\" title=\"Posts de Secretaria\" rel=\"author\">Secretaria<\/a><\/span><\/span><span class=\"updated\" style=\"display:none;\">2025-07-03T11:51:26-03:00<\/span><span>3 de julho de 2025<\/span><span class=\"fusion-inline-sep\">|<\/span><a href=\"https:\/\/csr.ufmg.br\/ppgamsa\/category\/matricula\/\" rel=\"category tag\">Matr\u00edcula<\/a>, <a href=\"https:\/\/csr.ufmg.br\/ppgamsa\/category\/noticias\/\" rel=\"category tag\">Not\u00edcias<\/a><span class=\"fusion-inline-sep\">|<\/span><\/p><p>J\u00e1 est\u00e1 dispon\u00edvel o quadro de disciplinas do segundo semestre de 2025 do PPG-AMSA Quadro de ofertas 2025.2<\/p><\/div><\/article><article class=\"post fusion-column column col col-lg-12 col-md-12 col-sm-12\"><div class=\"recent-posts-content\"><span class=\"vcard\" style=\"display: none;\"><span class=\"fn\"><a href=\"https:\/\/csr.ufmg.br\/ppgamsa\/author\/modelagem\/\" title=\"Posts de Secretaria\" rel=\"author\">Secretaria<\/a><\/span><\/span><span class=\"updated\" style=\"display:none;\">2025-03-20T17:41:25-03:00<\/span><h4 class=\"entry-title\"><a href=\"https:\/\/csr.ufmg.br\/ppgamsa\/disciplinas-isoladas-2025-1-resultado\/\">Solicita\u00e7\u00e3o de Disciplinas Isoladas 2025\/1 &#8211; Resultado<\/a><\/h4><p class=\"meta\"><span class=\"vcard\" style=\"display: none;\"><span class=\"fn\"><a href=\"https:\/\/csr.ufmg.br\/ppgamsa\/author\/modelagem\/\" title=\"Posts de Secretaria\" rel=\"author\">Secretaria<\/a><\/span><\/span><span class=\"updated\" style=\"display:none;\">2025-03-20T17:41:25-03:00<\/span><span>20 de mar\u00e7o de 2025<\/span><span class=\"fusion-inline-sep\">|<\/span><a href=\"https:\/\/csr.ufmg.br\/ppgamsa\/category\/disciplinas\/\" rel=\"category tag\">Disciplinas<\/a>, <a href=\"https:\/\/csr.ufmg.br\/ppgamsa\/category\/matricula\/\" rel=\"category tag\">Matr\u00edcula<\/a>, <a href=\"https:\/\/csr.ufmg.br\/ppgamsa\/category\/noticias\/\" rel=\"category tag\">Not\u00edcias<\/a><span class=\"fusion-inline-sep\">|<\/span><\/p><p>Foi publicado o resultado das solicita\u00e7\u00f5es de disciplinas isoladas do primeiro semestre de 2025. Acesse o resultado aqui. Para informa\u00e7\u00f5es sobre prazos de matr\u00edcula, consulte o Calend\u00e1rio Acad\u00eamico\u00a0da Universidade.<\/p><\/div><\/article><\/section><div class=\"pagination clearfix\"><span class=\"current\">1<\/span><a href=\"https:\/\/csr.ufmg.br\/ppgamsa\/wp-json\/wp\/v2\/pages\/2378\/page\/2\/\" class=\"inactive\">2<\/a><a class=\"pagination-next\" rel=\"next\" href=\"https:\/\/csr.ufmg.br\/ppgamsa\/wp-json\/wp\/v2\/pages\/2378\/page\/2\/\"><span class=\"page-text\">Pr\u00f3ximo<\/span><span class=\"page-next\"><\/span><\/a><\/div><div class=\"fusion-clearfix\"><\/div><\/div><\/div><\/div><style type=\"text\/css\">.fusion-body .fusion-builder-column-0{width:100% !important;margin-top : 0px;margin-bottom : 20px;}.fusion-builder-column-0 > .fusion-column-wrapper {padding-top : 0px !important;padding-right : 0px !important;margin-right : 1.92%;padding-bottom : 0px !important;padding-left : 0px !important;margin-left : 1.92%;}@media only screen and (max-width:1024px) {.fusion-body .fusion-builder-column-0{width:100% !important;order : 0;}.fusion-builder-column-0 > .fusion-column-wrapper {margin-right : 1.92%;margin-left : 1.92%;}}@media only screen and (max-width:640px) {.fusion-body .fusion-builder-column-0{width:100% !important;order : 0;}.fusion-builder-column-0 > .fusion-column-wrapper {margin-right : 1.92%;margin-left : 1.92%;}}<\/style><\/div><style type=\"text\/css\">.fusion-body .fusion-flex-container.fusion-builder-row-1{ padding-top : 0px;margin-top : 0px;padding-right : 0px;padding-bottom : 0px;margin-bottom : 0px;padding-left : 0px;}<\/style><\/div>\n","protected":false},"excerpt":{"rendered":"","protected":false},"author":4,"featured_media":0,"parent":204,"menu_order":1,"comment_status":"closed","ping_status":"closed","template":"","meta":[],"_links":{"self":[{"href":"https:\/\/csr.ufmg.br\/ppgamsa\/wp-json\/wp\/v2\/pages\/2378"}],"collection":[{"href":"https:\/\/csr.ufmg.br\/ppgamsa\/wp-json\/wp\/v2\/pages"}],"about":[{"href":"https:\/\/csr.ufmg.br\/ppgamsa\/wp-json\/wp\/v2\/types\/page"}],"author":[{"embeddable":true,"href":"https:\/\/csr.ufmg.br\/ppgamsa\/wp-json\/wp\/v2\/users\/4"}],"replies":[{"embeddable":true,"href":"https:\/\/csr.ufmg.br\/ppgamsa\/wp-json\/wp\/v2\/comments?post=2378"}],"version-history":[{"count":7,"href":"https:\/\/csr.ufmg.br\/ppgamsa\/wp-json\/wp\/v2\/pages\/2378\/revisions"}],"predecessor-version":[{"id":2412,"href":"https:\/\/csr.ufmg.br\/ppgamsa\/wp-json\/wp\/v2\/pages\/2378\/revisions\/2412"}],"up":[{"embeddable":true,"href":"https:\/\/csr.ufmg.br\/ppgamsa\/wp-json\/wp\/v2\/pages\/204"}],"wp:attachment":[{"href":"https:\/\/csr.ufmg.br\/ppgamsa\/wp-json\/wp\/v2\/media?parent=2378"}],"curies":[{"name":"wp","href":"https:\/\/api.w.org\/{rel}","templated":true}]}}