{"id":2392,"date":"2024-09-19T10:11:24","date_gmt":"2024-09-19T13:11:24","guid":{"rendered":"https:\/\/csr.ufmg.br\/ppgamsa\/?page_id=2392"},"modified":"2024-09-19T10:12:54","modified_gmt":"2024-09-19T13:12:54","slug":"oferta-de-disciplinas-nova","status":"publish","type":"page","link":"https:\/\/csr.ufmg.br\/ppgamsa\/br\/secretaria\/oferta-de-disciplinas-nova\/","title":{"rendered":"Oferta de disciplinas"},"content":{"rendered":"<div class=\"fusion-fullwidth fullwidth-box fusion-builder-row-1 fusion-flex-container nonhundred-percent-fullwidth non-hundred-percent-height-scrolling\" style=\"background-color: rgba(255,255,255,0);background-position: center center;background-repeat: no-repeat;border-width: 0px 0px 0px 0px;border-color:#eae9e9;border-style:solid;\" ><div class=\"fusion-builder-row fusion-row fusion-flex-align-items-flex-start\" style=\"max-width:1248px;margin-left: calc(-4% \/ 2 );margin-right: calc(-4% \/ 2 );\"><div class=\"fusion-layout-column fusion_builder_column fusion-builder-column-0 fusion_builder_column_1_1 1_1 fusion-flex-column\"><div class=\"fusion-column-wrapper fusion-flex-justify-content-flex-start fusion-content-layout-column\" style=\"background-position:left top;background-repeat:no-repeat;-webkit-background-size:cover;-moz-background-size:cover;-o-background-size:cover;background-size:cover;padding: 0px 0px 0px 0px;\"><div class=\"fusion-blog-shortcode fusion-blog-shortcode-1 fusion-blog-archive fusion-blog-layout-large fusion-blog-pagination fusion-blog-no-images\"><div class=\"fusion-posts-container fusion-posts-container-pagination\" data-pages=\"1\"><article id=\"blog-1-post-2721\" class=\"fusion-post-large post-2721 post type-post status-publish format-standard hentry category-disciplinas category-matricula category-noticias\">\n<div class=\"fusion-post-content post-content\"><h2 class=\"blog-shortcode-post-title entry-title\"><a href=\"https:\/\/csr.ufmg.br\/ppgamsa\/disciplinas-isoladas-2025-1-resultado\/\">Solicita\u00e7\u00e3o de Disciplinas Isoladas 2025\/1 &#8211; Resultado<\/a><\/h2><div class=\"fusion-post-content-container\"><p>Foi publicado o resultado das solicita\u00e7\u00f5es de disciplinas isoladas do primeiro semestre de 2025. Acesse o resultado aqui. Para informa\u00e7\u00f5es sobre prazos de matr\u00edcula, consulte [...]<\/p><\/div><\/div><div class=\"fusion-clearfix\"><\/div><div class=\"fusion-meta-info\"><div class=\"fusion-alignleft\"><span class=\"vcard\" style=\"display: none;\"><span class=\"fn\"><a href=\"https:\/\/csr.ufmg.br\/ppgamsa\/author\/modelagem\/\" title=\"Posts de Secretaria\" rel=\"author\">Secretaria<\/a><\/span><\/span><span class=\"updated\" style=\"display:none;\">2025-03-20T17:41:25-03:00<\/span><span>20 de mar\u00e7o de 2025<\/span><span class=\"fusion-inline-sep\">|<\/span><a href=\"https:\/\/csr.ufmg.br\/ppgamsa\/category\/disciplinas\/\" rel=\"category tag\">Disciplinas<\/a>, <a href=\"https:\/\/csr.ufmg.br\/ppgamsa\/category\/matricula\/\" rel=\"category tag\">Matr\u00edcula<\/a>, <a href=\"https:\/\/csr.ufmg.br\/ppgamsa\/category\/noticias\/\" rel=\"category tag\">Not\u00edcias<\/a><span class=\"fusion-inline-sep\">|<\/span><\/div><\/div><\/article>\n<article id=\"blog-1-post-2680\" class=\"fusion-post-large post-2680 post type-post status-publish format-standard hentry category-disciplinas category-matricula\">\n<div class=\"fusion-post-content post-content\"><h2 class=\"blog-shortcode-post-title entry-title\"><a href=\"https:\/\/csr.ufmg.br\/ppgamsa\/atualizacao-quadro-de-disciplinas-2025-1\/\">Atualiza\u00e7\u00e3o: Quadro de disciplinas &#8211; 2025\/1<\/a><\/h2><div class=\"fusion-post-content-container\"><p>Publicado quadro de disciplinas do primeiro semestre de 2025 atualizado com mudan\u00e7a de salas. Clique aqui e acesse. Data da atualiza\u00e7\u00e3o: 17\/03\/2025 (acr\u00e9scimo da disciplina [...]<\/p><\/div><\/div><div class=\"fusion-clearfix\"><\/div><div class=\"fusion-meta-info\"><div class=\"fusion-alignleft\"><span class=\"vcard\" style=\"display: none;\"><span class=\"fn\"><a href=\"https:\/\/csr.ufmg.br\/ppgamsa\/author\/modelagem\/\" title=\"Posts de Secretaria\" rel=\"author\">Secretaria<\/a><\/span><\/span><span class=\"updated\" style=\"display:none;\">2025-03-17T15:32:17-03:00<\/span><span>7 de mar\u00e7o de 2025<\/span><span class=\"fusion-inline-sep\">|<\/span><a href=\"https:\/\/csr.ufmg.br\/ppgamsa\/category\/disciplinas\/\" rel=\"category tag\">Disciplinas<\/a>, <a href=\"https:\/\/csr.ufmg.br\/ppgamsa\/category\/matricula\/\" rel=\"category tag\">Matr\u00edcula<\/a><span class=\"fusion-inline-sep\">|<\/span><\/div><\/div><\/article>\n<article id=\"blog-1-post-2545\" class=\"fusion-post-large post-2545 post type-post status-publish format-standard hentry category-disciplinas\">\n<div class=\"fusion-post-content post-content\"><h2 class=\"blog-shortcode-post-title entry-title\"><a href=\"https:\/\/csr.ufmg.br\/ppgamsa\/oferta-de-disciplinas-isoladas-2025-1\/\">Oferta de Disciplinas Isoladas &#8211; 2025\/1<\/a><\/h2><div class=\"fusion-post-content-container\"><p>Foi publicada a oferta de disciplinas isoladas do primeiro semestre de 2025 no PPGAMSA. Clique aqui e acesse o quadro de ofertas. Para se inscrever, [...]<\/p><\/div><\/div><div class=\"fusion-clearfix\"><\/div><div class=\"fusion-meta-info\"><div class=\"fusion-alignleft\"><span class=\"vcard\" style=\"display: none;\"><span class=\"fn\"><a href=\"https:\/\/csr.ufmg.br\/ppgamsa\/author\/modelagem\/\" title=\"Posts de Secretaria\" rel=\"author\">Secretaria<\/a><\/span><\/span><span class=\"updated\" style=\"display:none;\">2025-02-21T13:23:44-03:00<\/span><span>21 de fevereiro de 2025<\/span><span class=\"fusion-inline-sep\">|<\/span><a href=\"https:\/\/csr.ufmg.br\/ppgamsa\/category\/disciplinas\/\" rel=\"category tag\">Disciplinas<\/a><span class=\"fusion-inline-sep\">|<\/span><\/div><\/div><\/article>\n<article id=\"blog-1-post-2517\" class=\"fusion-post-large post-2517 post type-post status-publish format-standard hentry category-disciplinas category-matricula\">\n<div class=\"fusion-post-content post-content\"><h2 class=\"blog-shortcode-post-title entry-title\"><a href=\"https:\/\/csr.ufmg.br\/ppgamsa\/quadro-de-disciplinas-2025-1\/\">Quadro de disciplinas &#8211; 2025\/1<\/a><\/h2><div class=\"fusion-post-content-container\"><p>J\u00e1 est\u00e1 dispon\u00edvel o quadro de disciplinas do primeiro semestre de 2025. Clique aqui e acesse. Vers\u00e3o atualizada em 19\/02\/25<\/p><\/div><\/div><div class=\"fusion-clearfix\"><\/div><div class=\"fusion-meta-info\"><div class=\"fusion-alignleft\"><span class=\"vcard\" style=\"display: none;\"><span class=\"fn\"><a href=\"https:\/\/csr.ufmg.br\/ppgamsa\/author\/modelagem\/\" title=\"Posts de Secretaria\" rel=\"author\">Secretaria<\/a><\/span><\/span><span class=\"updated\" style=\"display:none;\">2025-02-19T15:20:10-03:00<\/span><span>7 de janeiro de 2025<\/span><span class=\"fusion-inline-sep\">|<\/span><a href=\"https:\/\/csr.ufmg.br\/ppgamsa\/category\/disciplinas\/\" rel=\"category tag\">Disciplinas<\/a>, <a href=\"https:\/\/csr.ufmg.br\/ppgamsa\/category\/matricula\/\" rel=\"category tag\">Matr\u00edcula<\/a><span class=\"fusion-inline-sep\">|<\/span><\/div><\/div><\/article>\n<article id=\"blog-1-post-2484\" class=\"fusion-post-large post-2484 post type-post status-publish format-standard hentry category-disciplinas category-matricula category-noticias\">\n<div class=\"fusion-post-content post-content\"><h2 class=\"blog-shortcode-post-title entry-title\"><a href=\"https:\/\/csr.ufmg.br\/ppgamsa\/oferta-de-disciplinas-isoladas-2024-2\/\">Oferta de disciplinas isoladas &#8211; 2024\/2<\/a><\/h2><div class=\"fusion-post-content-container\"><p>Est\u00e1 dispon\u00edvel o quadro de disciplinas que poder\u00e3o ser cursadas de forma isolada em 2024\/2. Acesse aqui. Para informa\u00e7\u00f5es sobre prazo de requerimento de matr\u00edcula [...]<\/p><\/div><\/div><div class=\"fusion-clearfix\"><\/div><div class=\"fusion-meta-info\"><div class=\"fusion-alignleft\"><span class=\"vcard\" style=\"display: none;\"><span class=\"fn\"><a href=\"https:\/\/csr.ufmg.br\/ppgamsa\/author\/modelagem\/\" title=\"Posts de Secretaria\" rel=\"author\">Secretaria<\/a><\/span><\/span><span class=\"updated\" style=\"display:none;\">2024-09-24T15:14:40-03:00<\/span><span>24 de setembro de 2024<\/span><span class=\"fusion-inline-sep\">|<\/span><a href=\"https:\/\/csr.ufmg.br\/ppgamsa\/category\/disciplinas\/\" rel=\"category tag\">Disciplinas<\/a>, <a href=\"https:\/\/csr.ufmg.br\/ppgamsa\/category\/matricula\/\" rel=\"category tag\">Matr\u00edcula<\/a>, <a href=\"https:\/\/csr.ufmg.br\/ppgamsa\/category\/noticias\/\" rel=\"category tag\">Not\u00edcias<\/a><span class=\"fusion-inline-sep\">|<\/span><\/div><\/div><\/article>\n<article id=\"blog-1-post-2425\" class=\"fusion-post-large post-2425 post type-post status-publish format-standard hentry category-disciplinas category-matricula\">\n<div class=\"fusion-post-content post-content\"><h2 class=\"blog-shortcode-post-title entry-title\"><a href=\"https:\/\/csr.ufmg.br\/ppgamsa\/quadro-de-disciplinas-com-salas-2024-2\/\">Quadro de disciplinas com salas &#8211; 2024\/2<\/a><\/h2><div class=\"fusion-post-content-container\"><p>J\u00e1 est\u00e1 dispon\u00edvel o quadro de disciplinas do segundo semestre de 2024 com respectivas salas. Clique aqui e acesse.<\/p><\/div><\/div><div class=\"fusion-clearfix\"><\/div><div class=\"fusion-meta-info\"><div class=\"fusion-alignleft\"><span class=\"vcard\" style=\"display: none;\"><span class=\"fn\"><a href=\"https:\/\/csr.ufmg.br\/ppgamsa\/author\/modelagem\/\" title=\"Posts de Secretaria\" rel=\"author\">Secretaria<\/a><\/span><\/span><span class=\"updated\" style=\"display:none;\">2024-09-23T13:36:27-03:00<\/span><span>23 de setembro de 2024<\/span><span class=\"fusion-inline-sep\">|<\/span><a href=\"https:\/\/csr.ufmg.br\/ppgamsa\/category\/disciplinas\/\" rel=\"category tag\">Disciplinas<\/a>, <a href=\"https:\/\/csr.ufmg.br\/ppgamsa\/category\/matricula\/\" rel=\"category tag\">Matr\u00edcula<\/a><span class=\"fusion-inline-sep\">|<\/span><\/div><\/div><\/article>\n<article id=\"blog-1-post-2282\" class=\"fusion-post-large post-2282 post type-post status-publish format-standard hentry category-disciplinas category-matricula\">\n<div class=\"fusion-post-content post-content\"><h2 class=\"blog-shortcode-post-title entry-title\"><a href=\"https:\/\/csr.ufmg.br\/ppgamsa\/ofertas-de-disciplinas-2014-2-a-2024-1\/\">Ofertas de disciplinas 2014\/2 a 2024\/1<\/a><\/h2><div class=\"fusion-post-content-container\"><p>Nosso site mudou. Para encontrar as ofertas de disciplinas dos semestres entre 2014\/2 a 2024\/1, clique aqui e acesse o conte\u00fado da p\u00e1gina antiga. \u00a0<\/p><\/div><\/div><div class=\"fusion-clearfix\"><\/div><div class=\"fusion-meta-info\"><div class=\"fusion-alignleft\"><span class=\"vcard\" style=\"display: none;\"><span class=\"fn\"><a href=\"https:\/\/csr.ufmg.br\/ppgamsa\/author\/modelagem\/\" title=\"Posts de Secretaria\" rel=\"author\">Secretaria<\/a><\/span><\/span><span class=\"updated\" style=\"display:none;\">2024-09-24T08:53:41-03:00<\/span><span>1 de janeiro de 2024<\/span><span class=\"fusion-inline-sep\">|<\/span><a href=\"https:\/\/csr.ufmg.br\/ppgamsa\/category\/disciplinas\/\" rel=\"category tag\">Disciplinas<\/a>, <a href=\"https:\/\/csr.ufmg.br\/ppgamsa\/category\/matricula\/\" rel=\"category tag\">Matr\u00edcula<\/a><span class=\"fusion-inline-sep\">|<\/span><\/div><\/div><\/article>\n<\/div><\/div><\/div><\/div><style type=\"text\/css\">.fusion-body .fusion-builder-column-0{width:100% !important;margin-top : 0px;margin-bottom : 20px;}.fusion-builder-column-0 > .fusion-column-wrapper {padding-top : 0px !important;padding-right : 0px !important;margin-right : 1.92%;padding-bottom : 0px !important;padding-left : 0px !important;margin-left : 1.92%;}@media only screen and (max-width:1024px) {.fusion-body .fusion-builder-column-0{width:100% !important;order : 0;}.fusion-builder-column-0 > .fusion-column-wrapper {margin-right : 1.92%;margin-left : 1.92%;}}@media only screen and (max-width:640px) {.fusion-body .fusion-builder-column-0{width:100% !important;order : 0;}.fusion-builder-column-0 > .fusion-column-wrapper {margin-right : 1.92%;margin-left : 1.92%;}}<\/style><\/div><style type=\"text\/css\">.fusion-body .fusion-flex-container.fusion-builder-row-1{ padding-top : 0px;margin-top : 0px;padding-right : 0px;padding-bottom : 0px;margin-bottom : 0px;padding-left : 0px;}<\/style><\/div>\n","protected":false},"excerpt":{"rendered":"","protected":false},"author":4,"featured_media":0,"parent":204,"menu_order":2,"comment_status":"closed","ping_status":"closed","template":"","meta":[],"_links":{"self":[{"href":"https:\/\/csr.ufmg.br\/ppgamsa\/wp-json\/wp\/v2\/pages\/2392"}],"collection":[{"href":"https:\/\/csr.ufmg.br\/ppgamsa\/wp-json\/wp\/v2\/pages"}],"about":[{"href":"https:\/\/csr.ufmg.br\/ppgamsa\/wp-json\/wp\/v2\/types\/page"}],"author":[{"embeddable":true,"href":"https:\/\/csr.ufmg.br\/ppgamsa\/wp-json\/wp\/v2\/users\/4"}],"replies":[{"embeddable":true,"href":"https:\/\/csr.ufmg.br\/ppgamsa\/wp-json\/wp\/v2\/comments?post=2392"}],"version-history":[{"count":4,"href":"https:\/\/csr.ufmg.br\/ppgamsa\/wp-json\/wp\/v2\/pages\/2392\/revisions"}],"predecessor-version":[{"id":2477,"href":"https:\/\/csr.ufmg.br\/ppgamsa\/wp-json\/wp\/v2\/pages\/2392\/revisions\/2477"}],"up":[{"embeddable":true,"href":"https:\/\/csr.ufmg.br\/ppgamsa\/wp-json\/wp\/v2\/pages\/204"}],"wp:attachment":[{"href":"https:\/\/csr.ufmg.br\/ppgamsa\/wp-json\/wp\/v2\/media?parent=2392"}],"curies":[{"name":"wp","href":"https:\/\/api.w.org\/{rel}","templated":true}]}}