{"id":2439,"date":"2025-02-27T13:06:35","date_gmt":"2025-02-27T16:06:35","guid":{"rendered":"https:\/\/csr.ufmg.br\/ppgamsa\/?page_id=2439"},"modified":"2025-02-27T16:26:13","modified_gmt":"2025-02-27T19:26:13","slug":"home","status":"publish","type":"page","link":"https:\/\/csr.ufmg.br\/ppgamsa\/en\/","title":{"rendered":"Home"},"content":{"rendered":"<div class=\"fusion-fullwidth fullwidth-box fusion-builder-row-1 fusion-flex-container nonhundred-percent-fullwidth non-hundred-percent-height-scrolling\" style=\"background-color: rgba(255,255,255,0);background-position: center center;background-repeat: no-repeat;border-width: 0px 0px 0px 0px;border-color:#eae9e9;border-style:solid;\" ><div class=\"fusion-builder-row fusion-row fusion-flex-align-items-flex-start\" style=\"max-width:1248px;margin-left: calc(-4% \/ 2 );margin-right: calc(-4% \/ 2 );\"><div class=\"fusion-layout-column fusion_builder_column fusion-builder-column-0 fusion_builder_column_1_1 1_1 fusion-flex-column\"><div class=\"fusion-column-wrapper fusion-flex-justify-content-flex-start fusion-content-layout-column\" style=\"background-position:left top;background-repeat:no-repeat;-webkit-background-size:cover;-moz-background-size:cover;-o-background-size:cover;background-size:cover;padding: 0px 0px 0px 0px;\"><style type=\"text\/css\">@media only screen and (max-width:1024px) {.fusion-title.fusion-title-1{margin-top:0px!important;margin-bottom:20px!important;}}<\/style><div class=\"fusion-title title fusion-title-1 fusion-sep-none fusion-title-text fusion-title-size-one\" style=\"margin-top:0px;margin-bottom:20px;\"><h1 class=\"title-heading-left\" style=\"margin:0;color:#ae895d;\">Latest news<\/h1><\/div><div class=\"fusion-recent-posts fusion-recent-posts-1 avada-container layout-default layout-columns-4\"><section class=\"fusion-columns columns fusion-columns-4 columns-4\"><article class=\"post fusion-column column col col-lg-3 col-md-3 col-sm-3\"><div class=\"recent-posts-content\"><span class=\"vcard\" style=\"display: none;\"><span class=\"fn\"><a href=\"https:\/\/csr.ufmg.br\/ppgamsa\/author\/modelagem\/\" title=\"Posts de Secretaria\" rel=\"author\">Secretaria<\/a><\/span><\/span><span class=\"updated\" style=\"display:none;\">2026-04-16T10:57:15-03:00<\/span><h4 class=\"entry-title\"><a href=\"https:\/\/csr.ufmg.br\/ppgamsa\/convite-defesa-de-dissertacao-de-mestrado-da-aluna-barbara-alves-nascimento\/\">Convite: Defesa de Disserta\u00e7\u00e3o de Mestrado da aluna B\u00e1rbara Alves Nascimento<\/a><\/h4><p class=\"meta\"><span class=\"vcard\" style=\"display: none;\"><span class=\"fn\"><a href=\"https:\/\/csr.ufmg.br\/ppgamsa\/author\/modelagem\/\" title=\"Posts de Secretaria\" rel=\"author\">Secretaria<\/a><\/span><\/span><span class=\"updated\" style=\"display:none;\">2026-04-16T10:57:15-03:00<\/span><span>16 de abril de 2026<\/span><span class=\"fusion-inline-sep\">|<\/span><\/p><p>Via plataforma Meet, por meio do linl &lt;https:\/\/meet.google.com\/gcw-mefh-emy&gt;.<\/p><\/div><\/article><article class=\"post fusion-column column col col-lg-3 col-md-3 col-sm-3\"><div class=\"recent-posts-content\"><span class=\"vcard\" style=\"display: none;\"><span class=\"fn\"><a href=\"https:\/\/csr.ufmg.br\/ppgamsa\/author\/modelagem\/\" title=\"Posts de Secretaria\" rel=\"author\">Secretaria<\/a><\/span><\/span><span class=\"updated\" style=\"display:none;\">2026-04-14T12:12:08-03:00<\/span><h4 class=\"entry-title\"><a href=\"https:\/\/csr.ufmg.br\/ppgamsa\/processo-seletivo-2026-2-publicacao-dos-editais\/\">Processo Seletivo 2026\/2 &#8211; Publica\u00e7\u00e3o dos Editais<\/a><\/h4><p class=\"meta\"><span class=\"vcard\" style=\"display: none;\"><span class=\"fn\"><a href=\"https:\/\/csr.ufmg.br\/ppgamsa\/author\/modelagem\/\" title=\"Posts de Secretaria\" rel=\"author\">Secretaria<\/a><\/span><\/span><span class=\"updated\" style=\"display:none;\">2026-04-14T12:12:08-03:00<\/span><span>30 de mar\u00e7o de 2026<\/span><span class=\"fusion-inline-sep\">|<\/span><\/p><p>A Coordena\u00e7\u00e3o do Programa de P\u00f3s-Gradua\u00e7\u00e3o em An\u00e1lise e Modelagem de Sistemas Ambientais torna p\u00fablica a abertura dos Editais Regular [...]<\/p><\/div><\/article><article class=\"post fusion-column column col col-lg-3 col-md-3 col-sm-3\"><div class=\"recent-posts-content\"><span class=\"vcard\" style=\"display: none;\"><span class=\"fn\"><a href=\"https:\/\/csr.ufmg.br\/ppgamsa\/author\/modelagem\/\" title=\"Posts de Secretaria\" rel=\"author\">Secretaria<\/a><\/span><\/span><span class=\"updated\" style=\"display:none;\">2026-03-27T20:19:53-03:00<\/span><h4 class=\"entry-title\"><a href=\"https:\/\/csr.ufmg.br\/ppgamsa\/deu-no-g1-projeto-da-profa-camila-palhares-foi-destaque-em-reportagem-sobre-poluicao-luminosa-e-seus-impactos-no-meio-ambiente\/\">Deu no G1! Projeto da Prof\u00aa. Camila Palhares foi destaque em reportagem sobre polui\u00e7\u00e3o luminosa e seus impactos no meio ambiente<\/a><\/h4><p class=\"meta\"><span class=\"vcard\" style=\"display: none;\"><span class=\"fn\"><a href=\"https:\/\/csr.ufmg.br\/ppgamsa\/author\/modelagem\/\" title=\"Posts de Secretaria\" rel=\"author\">Secretaria<\/a><\/span><\/span><span class=\"updated\" style=\"display:none;\">2026-03-27T20:19:53-03:00<\/span><span>27 de mar\u00e7o de 2026<\/span><span class=\"fusion-inline-sep\">|<\/span><\/p><p>Orgulho do PPG-AMSA! Nossa professora Camila Palhares Teixeira e nossa egressa Jana\u00edna Aguiar foram destaque em reportagem sobre polui\u00e7\u00e3o luminosa [...]<\/p><\/div><\/article><article class=\"post fusion-column column col col-lg-3 col-md-3 col-sm-3\"><div class=\"recent-posts-content\"><span class=\"vcard\" style=\"display: none;\"><span class=\"fn\"><a href=\"https:\/\/csr.ufmg.br\/ppgamsa\/author\/modelagem\/\" title=\"Posts de Secretaria\" rel=\"author\">Secretaria<\/a><\/span><\/span><span class=\"updated\" style=\"display:none;\">2026-03-24T12:41:57-03:00<\/span><h4 class=\"entry-title\"><a href=\"https:\/\/csr.ufmg.br\/ppgamsa\/defesa-de-qualificacao-de-doutorado-da-aluna-sissy-de-andrade-ferreira\/\">Defesa de Qualifica\u00e7\u00e3o de Doutorado da aluna SISSY DE ANDRADE FERREIRA<\/a><\/h4><p class=\"meta\"><span class=\"vcard\" style=\"display: none;\"><span class=\"fn\"><a href=\"https:\/\/csr.ufmg.br\/ppgamsa\/author\/modelagem\/\" title=\"Posts de Secretaria\" rel=\"author\">Secretaria<\/a><\/span><\/span><span class=\"updated\" style=\"display:none;\">2026-03-24T12:41:57-03:00<\/span><span>24 de mar\u00e7o de 2026<\/span><span class=\"fusion-inline-sep\">|<\/span><\/p><p>Via plataforma Teams, por meio do link de acesso\u00a0&lt;\u00a0https:\/\/teams.live.com\/meet\/93403789682286?p=Q4yppyVUCb3vzJS5u9&gt;<\/p><\/div><\/article><\/section><\/div><style type=\"text\/css\">@media only screen and (max-width:1024px) {.fusion-title.fusion-title-2{margin-top:0px!important;margin-bottom:20px!important;}}<\/style><div class=\"fusion-title title fusion-title-2 fusion-sep-none fusion-title-text fusion-title-size-one\" style=\"margin-top:0px;margin-bottom:20px;\"><h1 class=\"title-heading-left\" style=\"margin:0;color:#ae895d;\">Quick access<\/h1><\/div><div class=\"fusion-separator fusion-full-width-sep\" style=\"align-self: center;margin-left: auto;margin-right: auto;margin-bottom:20px;width:100%;\"><\/div><div class=\"fusion-content-boxes content-boxes columns row fusion-columns-6 fusion-columns-total-6 fusion-content-boxes-1 content-boxes-icon-on-top content-left\" data-animationOffset=\"100%\" style=\"margin-top:0px;margin-bottom:0px;\"><style type=\"text\/css\">.fusion-content-boxes-1 .heading .content-box-heading {color:#414042;}\n\t\t\t\t\t.fusion-content-boxes-1 .fusion-content-box-hover .link-area-link-icon-hover .heading .content-box-heading,\n\t\t\t\t\t.fusion-content-boxes-1 .fusion-content-box-hover .link-area-link-icon-hover .heading .heading-link .content-box-heading,\n\t\t\t\t\t.fusion-content-boxes-1 .fusion-content-box-hover .link-area-box-hover .heading .content-box-heading,\n\t\t\t\t\t.fusion-content-boxes-1 .fusion-content-box-hover .link-area-box-hover .heading .heading-link .content-box-heading,\n\t\t\t\t\t.fusion-content-boxes-1 .fusion-content-box-hover .link-area-link-icon-hover.link-area-box .fusion-read-more,\n\t\t\t\t\t.fusion-content-boxes-1 .fusion-content-box-hover .link-area-link-icon-hover.link-area-box .fusion-read-more::after,\n\t\t\t\t\t.fusion-content-boxes-1 .fusion-content-box-hover .link-area-link-icon-hover.link-area-box .fusion-read-more::before,\n\t\t\t\t\t.fusion-content-boxes-1 .fusion-content-box-hover .fusion-read-more:hover:after,\n\t\t\t\t\t.fusion-content-boxes-1 .fusion-content-box-hover .fusion-read-more:hover:before,\n\t\t\t\t\t.fusion-content-boxes-1 .fusion-content-box-hover .fusion-read-more:hover,\n\t\t\t\t\t.fusion-content-boxes-1 .fusion-content-box-hover .link-area-box-hover.link-area-box .fusion-read-more,\n\t\t\t\t\t.fusion-content-boxes-1 .fusion-content-box-hover .link-area-box-hover.link-area-box .fusion-read-more::after,\n\t\t\t\t\t.fusion-content-boxes-1 .fusion-content-box-hover .link-area-box-hover.link-area-box .fusion-read-more::before,\n\t\t\t\t\t.fusion-content-boxes-1 .fusion-content-box-hover .link-area-link-icon-hover .icon .circle-no,\n\t\t\t\t\t.fusion-content-boxes-1 .heading .heading-link:hover .content-box-heading {\n\t\t\t\t\t\tcolor: rgba(53,141,145,0.68);\n\t\t\t\t\t}\n\t\t\t\t\t.fusion-content-boxes-1 .fusion-content-box-hover .link-area-box-hover .icon .circle-no {\n\t\t\t\t\t\tcolor: rgba(53,141,145,0.68) !important;\n\t\t\t\t\t}.fusion-content-boxes-1 .fusion-content-box-hover .link-area-box.link-area-box-hover .fusion-content-box-button {background: #01808e;color: rgba(255,255,255,.9);}.fusion-content-boxes-1 .fusion-content-box-hover .link-area-box.link-area-box-hover .fusion-content-box-button .fusion-button-text {color: rgba(255,255,255,.9);}\n\t\t\t\t\t.fusion-content-boxes-1 .fusion-content-box-hover .link-area-link-icon-hover .heading .icon > span {\n\t\t\t\t\t\tbackground-color: rgba(53,141,145,0.68) !important;\n\t\t\t\t\t}\n\t\t\t\t\t.fusion-content-boxes-1 .fusion-content-box-hover .link-area-box-hover .heading .icon > span {\n\t\t\t\t\t\tborder-color: rgba(53,141,145,0.68) !important;\n\t\t\t\t\t}<\/style><div class=\"fusion-column content-box-column content-box-column content-box-column-1 col-lg-2 col-md-2 col-sm-2 fusion-content-box-hover content-box-column-first-in-row\"><div class=\"col content-box-wrapper content-wrapper link-area-link-icon link-type-button-bar icon-hover-animation-fade\" style=\"background-color:rgba(255,255,255,0);\" data-animationOffset=\"100%\"><div class=\"heading heading-with-icon icon-left\"><a class=\"heading-link\" href=\"https:\/\/csr.ufmg.br\/ppgamsa\/home\/aacademic-office\/calendar\/\" target=\"_self\"><div class=\"icon\"><i style=\"border-color:#ddad00;border-width:3px;background-color:rgba(221,173,0,0.13);box-sizing:content-box;height:100px;width:100px;line-height:100px;border-radius:50%;color:#027175;font-size:50px;\" aria-hidden=\"true\" class=\"fontawesome-icon fa-calendar-alt fas circle-yes\"><\/i><\/div><h2 class=\"content-box-heading\" style=\"font-size:18px;line-height:23px;\">Calendar<\/h2><\/a><\/div><\/div><\/div><div class=\"fusion-column content-box-column content-box-column content-box-column-2 col-lg-2 col-md-2 col-sm-2 fusion-content-box-hover \"><div class=\"col content-box-wrapper content-wrapper link-area-link-icon link-type-button-bar icon-hover-animation-fade\" style=\"background-color:rgba(255,255,255,0);\" data-animationOffset=\"100%\"><div class=\"heading heading-with-icon icon-left\"><a class=\"heading-link\" href=\"https:\/\/csr.ufmg.br\/ppgamsa\/home\/aacademic-office\/enrollment\/\" target=\"_self\"><div class=\"icon\"><i style=\"border-color:#ddad00;border-width:3px;background-color:rgba(221,173,0,0.13);box-sizing:content-box;height:100px;width:100px;line-height:100px;border-radius:50%;color:#027175;font-size:50px;\" aria-hidden=\"true\" class=\"fontawesome-icon fa-id-card fas circle-yes\"><\/i><\/div><h2 class=\"content-box-heading\" style=\"font-size:18px;line-height:23px;\">Enrollment<\/h2><\/a><\/div><\/div><\/div><div class=\"fusion-column content-box-column content-box-column content-box-column-3 col-lg-2 col-md-2 col-sm-2 fusion-content-box-hover \"><div class=\"col content-box-wrapper content-wrapper link-area-link-icon link-type-button-bar icon-hover-animation-fade\" style=\"background-color:rgba(255,255,255,0);\" data-animationOffset=\"100%\"><div class=\"heading heading-with-icon icon-left\"><a class=\"heading-link\" href=\"https:\/\/csr.ufmg.br\/ppgamsa\/home\/aacademic-office\/forms\/\" target=\"_self\"><div class=\"icon\"><i style=\"border-color:#ddad00;border-width:3px;background-color:rgba(221,173,0,0.13);box-sizing:content-box;height:100px;width:100px;line-height:100px;border-radius:50%;color:#027175;font-size:50px;\" aria-hidden=\"true\" class=\"fontawesome-icon fa-clipboard-list fas circle-yes\"><\/i><\/div><h2 class=\"content-box-heading\" style=\"font-size:18px;line-height:23px;\">Forms<\/h2><\/a><\/div><\/div><\/div><div class=\"fusion-column content-box-column content-box-column content-box-column-4 col-lg-2 col-md-2 col-sm-2 fusion-content-box-hover \"><div class=\"col content-box-wrapper content-wrapper link-area-link-icon link-type-button-bar icon-hover-animation-fade\" style=\"background-color:rgba(255,255,255,0);\" data-animationOffset=\"100%\"><div class=\"heading heading-with-icon icon-left\"><a class=\"heading-link\" href=\"https:\/\/csr.ufmg.br\/ppgamsa\/home\/aacademic-office\/offered-courses\/\" target=\"_self\"><div class=\"icon\"><i style=\"border-color:#ddad00;border-width:3px;background-color:rgba(221,173,0,0.13);box-sizing:content-box;height:100px;width:100px;line-height:100px;border-radius:50%;color:#027175;font-size:50px;\" aria-hidden=\"true\" class=\"fontawesome-icon fa-book fas circle-yes\"><\/i><\/div><h2 class=\"content-box-heading\" style=\"font-size:18px;line-height:23px;\">Courses<\/h2><\/a><\/div><\/div><\/div><div class=\"fusion-column content-box-column content-box-column content-box-column-5 col-lg-2 col-md-2 col-sm-2 fusion-content-box-hover \"><div class=\"col content-box-wrapper content-wrapper link-area-link-icon link-type-button-bar icon-hover-animation-fade\" style=\"background-color:rgba(255,255,255,0);\" data-animationOffset=\"100%\"><div class=\"heading heading-with-icon icon-left\"><a class=\"heading-link\" href=\"https:\/\/csr.ufmg.br\/ppgamsa\/home\/aacademic-office\/guidelines-for-students\/\" target=\"_self\"><div class=\"icon\"><i style=\"border-color:#ddad00;border-width:3px;background-color:rgba(221,173,0,0.13);box-sizing:content-box;height:100px;width:100px;line-height:100px;border-radius:50%;color:#027175;font-size:50px;\" aria-hidden=\"true\" class=\"fontawesome-icon fa-user-graduate fas circle-yes\"><\/i><\/div><h2 class=\"content-box-heading\" style=\"font-size:18px;line-height:23px;\">Guidelines for students<\/h2><\/a><\/div><\/div><\/div><div class=\"fusion-column content-box-column content-box-column content-box-column-6 col-lg-2 col-md-2 col-sm-2 fusion-content-box-hover content-box-column-last content-box-column-last-in-row\"><div class=\"col content-box-wrapper content-wrapper link-area-link-icon link-type-button-bar icon-hover-animation-fade\" style=\"background-color:rgba(255,255,255,0);\" data-animationOffset=\"100%\"><div class=\"heading heading-with-icon icon-left\"><a class=\"heading-link\" href=\"https:\/\/csr.ufmg.br\/ppgamsa\/home\/the-program\/academic-rules\/\" target=\"_self\"><div class=\"icon\"><i style=\"border-color:#ddad00;border-width:3px;background-color:rgba(221,173,0,0.13);box-sizing:content-box;height:100px;width:100px;line-height:100px;border-radius:50%;color:#027175;font-size:50px;\" aria-hidden=\"true\" class=\"fontawesome-icon fa-list-alt fas circle-yes\"><\/i><\/div><h2 class=\"content-box-heading\" style=\"font-size:18px;line-height:23px;\">Resolutions<\/h2><\/a><\/div><\/div><\/div><style type=\"text\/css\">\n\t\t\t\t\t\t.fusion-content-boxes-1 .fusion-content-box-hover .heading-link:hover .icon i.circle-yes,\n\t\t\t\t\t\t.fusion-content-boxes-1 .fusion-content-box-hover .link-area-box:hover .heading-link .icon i.circle-yes,\n\t\t\t\t\t\t.fusion-content-boxes-1 .fusion-content-box-hover .link-area-link-icon-hover .heading .icon i.circle-yes,\n\t\t\t\t\t\t.fusion-content-boxes-1 .fusion-content-box-hover .link-area-box-hover .heading .icon i.circle-yes {\n\t\t\t\t\t\t\tbackground-color: rgba(53,141,145,0.68) !important;\n\t\t\t\t\t\t\tborder-color: rgba(53,141,145,0.68) !important;\n\t\t\t\t\t\t}<\/style><div class=\"fusion-clearfix\"><\/div><\/div><\/div><\/div><style type=\"text\/css\">.fusion-body .fusion-builder-column-0{width:100% !important;margin-top : 0px;margin-bottom : 20px;}.fusion-builder-column-0 > .fusion-column-wrapper {padding-top : 0px !important;padding-right : 0px !important;margin-right : 1.92%;padding-bottom : 0px !important;padding-left : 0px !important;margin-left : 1.92%;}@media only screen and (max-width:1024px) {.fusion-body .fusion-builder-column-0{width:100% !important;order : 0;}.fusion-builder-column-0 > .fusion-column-wrapper {margin-right : 1.92%;margin-left : 1.92%;}}@media only screen and (max-width:640px) {.fusion-body .fusion-builder-column-0{width:100% !important;order : 0;}.fusion-builder-column-0 > .fusion-column-wrapper {margin-right : 1.92%;margin-left : 1.92%;}}<\/style><div class=\"fusion-layout-column fusion_builder_column fusion-builder-column-1 fusion_builder_column_1_2 1_2 fusion-flex-column\"><div class=\"fusion-column-wrapper fusion-flex-justify-content-flex-start fusion-content-layout-column\" style=\"background-position:left top;background-repeat:no-repeat;-webkit-background-size:cover;-moz-background-size:cover;-o-background-size:cover;background-size:cover;padding: 0px 0px 0px 0px;\"><style type=\"text\/css\">@media only screen and (max-width:1024px) {.fusion-title.fusion-title-3{margin-top:0px!important;margin-bottom:20px!important;}}<\/style><div class=\"fusion-title title fusion-title-3 fusion-sep-none fusion-title-text fusion-title-size-one\" style=\"margin-top:0px;margin-bottom:20px;\"><h1 class=\"title-heading-left\" style=\"margin:0;color:#ae895d;\">Presentations<\/h1><\/div><div class=\"fusion-recent-posts fusion-recent-posts-2 avada-container layout-default layout-columns-2\"><section class=\"fusion-columns columns fusion-columns-2 columns-2\"><article class=\"post fusion-column column col col-lg-6 col-md-6 col-sm-6\"><div class=\"recent-posts-content\"><span class=\"vcard\" style=\"display: none;\"><span class=\"fn\"><a href=\"https:\/\/csr.ufmg.br\/ppgamsa\/author\/modelagem\/\" title=\"Posts de Secretaria\" rel=\"author\">Secretaria<\/a><\/span><\/span><span class=\"updated\" style=\"display:none;\">2025-04-03T10:14:35-03:00<\/span><h4 class=\"entry-title\"><a href=\"https:\/\/csr.ufmg.br\/ppgamsa\/dissertation-presentation-carlos-ferreira\/\">Dissertation presentation &#8211; Carlos Ferreira<\/a><\/h4><p class=\"meta\"><span class=\"vcard\" style=\"display: none;\"><span class=\"fn\"><a href=\"https:\/\/csr.ufmg.br\/ppgamsa\/author\/modelagem\/\" title=\"Posts de Secretaria\" rel=\"author\">Secretaria<\/a><\/span><\/span><span class=\"updated\" style=\"display:none;\">2025-04-03T10:14:35-03:00<\/span><span>3 de abril de 2025<\/span><span class=\"fusion-inline-sep\">|<\/span><\/p><p>The PPGAMSA invites you to the dissertation defense of Carlos Andr\u00e9 Martins Ferreira. Title: Analysis of the Effectiveness of Roadless [...]<\/p><\/div><\/article><article class=\"post fusion-column column col col-lg-6 col-md-6 col-sm-6\"><div class=\"recent-posts-content\"><span class=\"vcard\" style=\"display: none;\"><span class=\"fn\"><a href=\"https:\/\/csr.ufmg.br\/ppgamsa\/author\/modelagem\/\" title=\"Posts de Secretaria\" rel=\"author\">Secretaria<\/a><\/span><\/span><span class=\"updated\" style=\"display:none;\">2025-02-27T16:06:32-03:00<\/span><h4 class=\"entry-title\"><a href=\"https:\/\/csr.ufmg.br\/ppgamsa\/thesis-presentation-pedro-fialho-cordeiro\/\">Thesis presentation \u2013 Pedro Fialho Cordeiro<\/a><\/h4><p class=\"meta\"><span class=\"vcard\" style=\"display: none;\"><span class=\"fn\"><a href=\"https:\/\/csr.ufmg.br\/ppgamsa\/author\/modelagem\/\" title=\"Posts de Secretaria\" rel=\"author\">Secretaria<\/a><\/span><\/span><span class=\"updated\" style=\"display:none;\">2025-02-27T16:06:32-03:00<\/span><span>28 de junho de 2023<\/span><span class=\"fusion-inline-sep\">|<\/span><\/p><p>Thesis presentation by Pedro Fialho Cordeiro Title: Spatially Extensive Biological Assessments of Minas Gerais Rivers: the Role of Predictive Modeling [...]<\/p><\/div><\/article><\/section><\/div><\/div><\/div><style type=\"text\/css\">.fusion-body .fusion-builder-column-1{width:50% !important;margin-top : 0px;margin-bottom : 20px;}.fusion-builder-column-1 > .fusion-column-wrapper {padding-top : 0px !important;padding-right : 0px !important;margin-right : 3.84%;padding-bottom : 0px !important;padding-left : 0px !important;margin-left : 3.84%;}@media only screen and (max-width:1024px) {.fusion-body .fusion-builder-column-1{width:100% !important;order : 0;}.fusion-builder-column-1 > .fusion-column-wrapper {margin-right : 1.92%;margin-left : 1.92%;}}@media only screen and (max-width:640px) {.fusion-body .fusion-builder-column-1{width:100% !important;order : 0;}.fusion-builder-column-1 > .fusion-column-wrapper {margin-right : 1.92%;margin-left : 1.92%;}}<\/style><div class=\"fusion-layout-column fusion_builder_column fusion-builder-column-2 fusion_builder_column_1_2 1_2 fusion-flex-column\"><div class=\"fusion-column-wrapper fusion-flex-justify-content-flex-start fusion-content-layout-column\" style=\"background-position:left top;background-repeat:no-repeat;-webkit-background-size:cover;-moz-background-size:cover;-o-background-size:cover;background-size:cover;padding: 0px 0px 0px 0px;\"><style type=\"text\/css\">@media only screen and (max-width:1024px) {.fusion-title.fusion-title-4{margin-top:0px!important;margin-bottom:20px!important;}}<\/style><div class=\"fusion-title title fusion-title-4 fusion-sep-none fusion-title-text fusion-title-size-one\" style=\"margin-top:0px;margin-bottom:20px;\"><h1 class=\"title-heading-left\" style=\"margin:0;color:#ae895d;\">Selection processes<\/h1><\/div><div class=\"fusion-recent-posts fusion-recent-posts-3 avada-container layout-default layout-columns-2\"><section class=\"fusion-columns columns fusion-columns-2 columns-2\"><article class=\"post fusion-column column col col-lg-6 col-md-6 col-sm-6\"><div class=\"recent-posts-content\"><span class=\"vcard\" style=\"display: none;\"><span class=\"fn\"><a href=\"https:\/\/csr.ufmg.br\/ppgamsa\/author\/modelagem\/\" title=\"Posts de Secretaria\" rel=\"author\">Secretaria<\/a><\/span><\/span><span class=\"updated\" style=\"display:none;\">2025-02-27T15:37:57-03:00<\/span><h4 class=\"entry-title\"><a href=\"https:\/\/csr.ufmg.br\/ppgamsa\/selection-announcement-masters-and-doctorate-2025\/\">Selection Announcement &#8211; Masters and Doctorate 2025<\/a><\/h4><p class=\"meta\"><span class=\"vcard\" style=\"display: none;\"><span class=\"fn\"><a href=\"https:\/\/csr.ufmg.br\/ppgamsa\/author\/modelagem\/\" title=\"Posts de Secretaria\" rel=\"author\">Secretaria<\/a><\/span><\/span><span class=\"updated\" style=\"display:none;\">2025-02-27T15:37:57-03:00<\/span><span>20 de fevereiro de 2025<\/span><span class=\"fusion-inline-sep\">|<\/span><\/p><p>The regular and supplementary selection announcements for the 2025 master's and doctoral programs in the Graduate Program in Environmental Systems [...]<\/p><\/div><\/article><article class=\"post fusion-column column col col-lg-6 col-md-6 col-sm-6\"><div class=\"recent-posts-content\"><span class=\"vcard\" style=\"display: none;\"><span class=\"fn\"><a href=\"https:\/\/csr.ufmg.br\/ppgamsa\/author\/modelagem\/\" title=\"Posts de Secretaria\" rel=\"author\">Secretaria<\/a><\/span><\/span><span class=\"updated\" style=\"display:none;\">2025-02-27T15:57:25-03:00<\/span><h4 class=\"entry-title\"><a href=\"https:\/\/csr.ufmg.br\/ppgamsa\/selection-processes-until-2024-1\/\">Selection processes until 2024\/1<\/a><\/h4><p class=\"meta\"><span class=\"vcard\" style=\"display: none;\"><span class=\"fn\"><a href=\"https:\/\/csr.ufmg.br\/ppgamsa\/author\/modelagem\/\" title=\"Posts de Secretaria\" rel=\"author\">Secretaria<\/a><\/span><\/span><span class=\"updated\" style=\"display:none;\">2025-02-27T15:57:25-03:00<\/span><span>12 de setembro de 2024<\/span><span class=\"fusion-inline-sep\">|<\/span><\/p><p>Our website has changed. To access notices, documents, results until the first half of 2024 and more, click here. Other [...]<\/p><\/div><\/article><\/section><\/div><\/div><\/div><style type=\"text\/css\">.fusion-body .fusion-builder-column-2{width:50% !important;margin-top : 0px;margin-bottom : 20px;}.fusion-builder-column-2 > .fusion-column-wrapper {padding-top : 0px !important;padding-right : 0px !important;margin-right : 3.84%;padding-bottom : 0px !important;padding-left : 0px !important;margin-left : 3.84%;}@media only screen and (max-width:1024px) {.fusion-body .fusion-builder-column-2{width:100% !important;order : 0;}.fusion-builder-column-2 > .fusion-column-wrapper {margin-right : 1.92%;margin-left : 1.92%;}}@media only screen and (max-width:640px) {.fusion-body .fusion-builder-column-2{width:100% !important;order : 0;}.fusion-builder-column-2 > .fusion-column-wrapper {margin-right : 1.92%;margin-left : 1.92%;}}<\/style><\/div><style type=\"text\/css\">.fusion-body .fusion-flex-container.fusion-builder-row-1{ padding-top : 0px;margin-top : 0px;padding-right : 0px;padding-bottom : 0px;margin-bottom : 0px;padding-left : 0px;}<\/style><\/div>\n","protected":false},"excerpt":{"rendered":"","protected":false},"author":4,"featured_media":0,"parent":0,"menu_order":0,"comment_status":"closed","ping_status":"closed","template":"","meta":[],"_links":{"self":[{"href":"https:\/\/csr.ufmg.br\/ppgamsa\/wp-json\/wp\/v2\/pages\/2439"}],"collection":[{"href":"https:\/\/csr.ufmg.br\/ppgamsa\/wp-json\/wp\/v2\/pages"}],"about":[{"href":"https:\/\/csr.ufmg.br\/ppgamsa\/wp-json\/wp\/v2\/types\/page"}],"author":[{"embeddable":true,"href":"https:\/\/csr.ufmg.br\/ppgamsa\/wp-json\/wp\/v2\/users\/4"}],"replies":[{"embeddable":true,"href":"https:\/\/csr.ufmg.br\/ppgamsa\/wp-json\/wp\/v2\/comments?post=2439"}],"version-history":[{"count":6,"href":"https:\/\/csr.ufmg.br\/ppgamsa\/wp-json\/wp\/v2\/pages\/2439\/revisions"}],"predecessor-version":[{"id":2678,"href":"https:\/\/csr.ufmg.br\/ppgamsa\/wp-json\/wp\/v2\/pages\/2439\/revisions\/2678"}],"wp:attachment":[{"href":"https:\/\/csr.ufmg.br\/ppgamsa\/wp-json\/wp\/v2\/media?parent=2439"}],"curies":[{"name":"wp","href":"https:\/\/api.w.org\/{rel}","templated":true}]}}