{"id":2470,"date":"2025-02-27T13:31:47","date_gmt":"2025-02-27T16:31:47","guid":{"rendered":"https:\/\/csr.ufmg.br\/ppgamsa\/?page_id=2470"},"modified":"2025-02-27T15:18:24","modified_gmt":"2025-02-27T18:18:24","slug":"aacademic-office","status":"publish","type":"page","link":"https:\/\/csr.ufmg.br\/ppgamsa\/home\/aacademic-office\/","title":{"rendered":"Academic office"},"content":{"rendered":"<div class=\"fusion-fullwidth fullwidth-box fusion-builder-row-1 fusion-flex-container nonhundred-percent-fullwidth non-hundred-percent-height-scrolling\" style=\"background-color: rgba(255,255,255,0);background-position: center center;background-repeat: no-repeat;border-width: 0px 0px 0px 0px;border-color:#eae9e9;border-style:solid;\" ><div class=\"fusion-builder-row fusion-row fusion-flex-align-items-flex-start\" style=\"max-width:1248px;margin-left: calc(-4% \/ 2 );margin-right: calc(-4% \/ 2 );\"><div class=\"fusion-layout-column fusion_builder_column fusion-builder-column-0 fusion_builder_column_1_1 1_1 fusion-flex-column\"><div class=\"fusion-column-wrapper fusion-flex-justify-content-flex-start fusion-content-layout-column\" style=\"background-position:left top;background-repeat:no-repeat;-webkit-background-size:cover;-moz-background-size:cover;-o-background-size:cover;background-size:cover;padding: 0px 0px 0px 0px;\"><style type=\"text\/css\">@media only screen and (max-width:1024px) {.fusion-title.fusion-title-1{margin-top:0px!important;margin-bottom:20px!important;}}<\/style><div class=\"fusion-title title fusion-title-1 fusion-title-text fusion-title-size-one\" style=\"margin-top:0px;margin-bottom:20px;\"><div class=\"title-sep-container title-sep-container-left fusion-no-large-visibility fusion-no-medium-visibility fusion-no-small-visibility\"><div class=\"title-sep sep-\" style=\"border-color:#ae895d;\"><\/div><\/div><h1 class=\"title-heading-left\" style=\"margin:0;\">Academic office<\/h1><div class=\"title-sep-container title-sep-container-right\"><div class=\"title-sep sep-\" style=\"border-color:#ae895d;\"><\/div><\/div><\/div><div class=\"fusion-text fusion-text-1\"><h3 class=\"fusion-responsive-typography-calculated\" style=\"--fontsize: 18; line-height: 1.33; --minfontsize: 18;\" data-fontsize=\"18\" data-lineheight=\"23.9333px\">SECRETARY<\/h3>\n<p>Josilene Silveira<\/p>\n<h3 class=\"fusion-responsive-typography-calculated\" style=\"--fontsize: 18; line-height: 1.33; --minfontsize: 18;\" data-fontsize=\"18\" data-lineheight=\"23.9333px\">ADDRESS<\/h3>\n<p>Secretaria do Colegiado de P\u00f3s-gradua\u00e7\u00e3o em An\u00e1lise e Modelagem de Sistemas Ambientais<br \/>\nInstituto de Geoci\u00eancias\/UFMG &#8211; Sala 3046<br \/>\nAv. Ant\u00f4nio Carlos, 6627 \u2013 Bairro Pampulha<br \/>\nCaixa Postal 719<br \/>\nBelo Horizonte \u2013 MG<br \/>\nCEP 31270-901<\/p>\n<h3 class=\"fusion-responsive-typography-calculated\" style=\"--fontsize: 18; line-height: 1.33; --minfontsize: 18;\" data-fontsize=\"18\" data-lineheight=\"23.9333px\">CONTACT INFO<\/h3>\n<p>Fone: (31) 3409-3793<br \/>\ne-mail: modelagem@igc.ufmg.br<\/p>\n<h3 class=\"fusion-responsive-typography-calculated\" style=\"--fontsize: 18; line-height: 1.33; --minfontsize: 18;\" data-fontsize=\"18\" data-lineheight=\"23.9333px\">OPENING HOURS<\/h3>\n<p>1 PM to 4 PM<\/p>\n<\/div><\/div><\/div><style type=\"text\/css\">.fusion-body .fusion-builder-column-0{width:100% !important;margin-top : 0px;margin-bottom : 20px;}.fusion-builder-column-0 > .fusion-column-wrapper {padding-top : 0px !important;padding-right : 0px !important;margin-right : 1.92%;padding-bottom : 0px !important;padding-left : 0px !important;margin-left : 1.92%;}@media only screen and (max-width:1024px) {.fusion-body .fusion-builder-column-0{width:100% !important;order : 0;}.fusion-builder-column-0 > .fusion-column-wrapper {margin-right : 1.92%;margin-left : 1.92%;}}@media only screen and (max-width:640px) {.fusion-body .fusion-builder-column-0{width:100% !important;order : 0;}.fusion-builder-column-0 > .fusion-column-wrapper {margin-right : 1.92%;margin-left : 1.92%;}}<\/style><\/div><style type=\"text\/css\">.fusion-body .fusion-flex-container.fusion-builder-row-1{ padding-top : 0px;margin-top : 0px;padding-right : 0px;padding-bottom : 0px;margin-bottom : 0px;padding-left : 0px;}<\/style><\/div>\n","protected":false},"excerpt":{"rendered":"","protected":false},"author":4,"featured_media":0,"parent":2439,"menu_order":1,"comment_status":"closed","ping_status":"closed","template":"","meta":[],"_links":{"self":[{"href":"https:\/\/csr.ufmg.br\/ppgamsa\/wp-json\/wp\/v2\/pages\/2470"}],"collection":[{"href":"https:\/\/csr.ufmg.br\/ppgamsa\/wp-json\/wp\/v2\/pages"}],"about":[{"href":"https:\/\/csr.ufmg.br\/ppgamsa\/wp-json\/wp\/v2\/types\/page"}],"author":[{"embeddable":true,"href":"https:\/\/csr.ufmg.br\/ppgamsa\/wp-json\/wp\/v2\/users\/4"}],"replies":[{"embeddable":true,"href":"https:\/\/csr.ufmg.br\/ppgamsa\/wp-json\/wp\/v2\/comments?post=2470"}],"version-history":[{"count":3,"href":"https:\/\/csr.ufmg.br\/ppgamsa\/wp-json\/wp\/v2\/pages\/2470\/revisions"}],"predecessor-version":[{"id":2642,"href":"https:\/\/csr.ufmg.br\/ppgamsa\/wp-json\/wp\/v2\/pages\/2470\/revisions\/2642"}],"up":[{"embeddable":true,"href":"https:\/\/csr.ufmg.br\/ppgamsa\/wp-json\/wp\/v2\/pages\/2439"}],"wp:attachment":[{"href":"https:\/\/csr.ufmg.br\/ppgamsa\/wp-json\/wp\/v2\/media?parent=2470"}],"curies":[{"name":"wp","href":"https:\/\/api.w.org\/{rel}","templated":true}]}}