{"id":2508,"date":"2025-02-27T14:21:51","date_gmt":"2025-02-27T17:21:51","guid":{"rendered":"https:\/\/csr.ufmg.br\/ppgamsa\/?page_id=2508"},"modified":"2025-02-27T14:21:51","modified_gmt":"2025-02-27T17:21:51","slug":"news","status":"publish","type":"page","link":"https:\/\/csr.ufmg.br\/ppgamsa\/home\/news\/","title":{"rendered":"News"},"content":{"rendered":"<div class=\"fusion-fullwidth fullwidth-box fusion-builder-row-1 fusion-flex-container nonhundred-percent-fullwidth non-hundred-percent-height-scrolling\" style=\"background-color: rgba(255,255,255,0);background-position: center center;background-repeat: no-repeat;border-width: 0px 0px 0px 0px;border-color:#eae9e9;border-style:solid;\" ><div class=\"fusion-builder-row fusion-row fusion-flex-align-items-flex-start\" style=\"max-width:1248px;margin-left: calc(-4% \/ 2 );margin-right: calc(-4% \/ 2 );\"><div class=\"fusion-layout-column fusion_builder_column fusion-builder-column-0 fusion_builder_column_1_1 1_1 fusion-flex-column\"><div class=\"fusion-column-wrapper fusion-flex-justify-content-flex-start fusion-content-layout-column\" style=\"background-position:left top;background-repeat:no-repeat;-webkit-background-size:cover;-moz-background-size:cover;-o-background-size:cover;background-size:cover;padding: 0px 0px 0px 0px;\"><style type=\"text\/css\">@media only screen and (max-width:1024px) {.fusion-title.fusion-title-1{margin-top:0px!important;margin-bottom:20px!important;}}<\/style><div class=\"fusion-title title fusion-title-1 fusion-title-text fusion-title-size-one\" style=\"margin-top:0px;margin-bottom:20px;\"><div class=\"title-sep-container title-sep-container-left fusion-no-large-visibility fusion-no-medium-visibility fusion-no-small-visibility\"><div class=\"title-sep sep-\" style=\"border-color:#ae895d;\"><\/div><\/div><h1 class=\"title-heading-left\" style=\"margin:0;\">News<\/h1><div class=\"title-sep-container title-sep-container-right\"><div class=\"title-sep sep-\" style=\"border-color:#ae895d;\"><\/div><\/div><\/div><div class=\"fusion-blog-shortcode fusion-blog-shortcode-1 fusion-blog-archive fusion-blog-layout-large fusion-blog-pagination\"><div class=\"fusion-posts-container fusion-posts-container-pagination fusion-blog-rollover\" data-pages=\"22\"><article id=\"blog-1-post-3355\" class=\"fusion-post-large post-3355 post type-post status-publish format-standard hentry category-2026-2 category-processos-seletivos\">\n\t<style type=\"text\/css\">\n\t\t\n\t\t\n\t\t\n\t\t\n\t\t\t<\/style>\n\n\n<div class=\"fusion-post-content post-content\"><h2 class=\"blog-shortcode-post-title entry-title\"><a href=\"https:\/\/csr.ufmg.br\/ppgamsa\/processo-seletivo-2026-2-publicacao-dos-editais\/\">Processo Seletivo 2026\/2 &#8211; Publica\u00e7\u00e3o dos Editais<\/a><\/h2><div class=\"fusion-post-content-container\"><p>A Coordena\u00e7\u00e3o do Programa de P\u00f3s-Gradua\u00e7\u00e3o em An\u00e1lise e Modelagem [...]<\/p><\/div><\/div><div class=\"fusion-clearfix\"><\/div><div class=\"fusion-meta-info\"><div class=\"fusion-alignleft\"><span class=\"vcard\" style=\"display: none;\"><span class=\"fn\"><a href=\"https:\/\/csr.ufmg.br\/ppgamsa\/author\/modelagem\/\" title=\"Posts de Secretaria\" rel=\"author\">Secretaria<\/a><\/span><\/span><span class=\"updated\" style=\"display:none;\">2026-04-14T12:12:08-03:00<\/span><span>30 de mar\u00e7o de 2026<\/span><span class=\"fusion-inline-sep\">|<\/span><a href=\"https:\/\/csr.ufmg.br\/ppgamsa\/category\/2026-2\/\" rel=\"category tag\">2026\/2<\/a>, <a href=\"https:\/\/csr.ufmg.br\/ppgamsa\/category\/processos-seletivos\/\" rel=\"category tag\">Processos Seletivos<\/a><span class=\"fusion-inline-sep\">|<\/span><\/div><\/div><\/article>\n<article id=\"blog-1-post-3335\" class=\"fusion-post-large post-3335 post type-post status-publish format-standard hentry category-sem-categoria-pt\">\n\t<style type=\"text\/css\">\n\t\t\n\t\t\n\t\t\n\t\t\n\t\t\t<\/style>\n\n\n<div class=\"fusion-post-content post-content\"><h2 class=\"blog-shortcode-post-title entry-title\"><a href=\"https:\/\/csr.ufmg.br\/ppgamsa\/deu-no-g1-projeto-da-profa-camila-palhares-foi-destaque-em-reportagem-sobre-poluicao-luminosa-e-seus-impactos-no-meio-ambiente\/\">Deu no G1! Projeto da Prof\u00aa. Camila Palhares foi destaque em reportagem sobre polui\u00e7\u00e3o luminosa e seus impactos no meio ambiente<\/a><\/h2><div class=\"fusion-post-content-container\"><p>Orgulho do PPG-AMSA! Nossa professora Camila Palhares Teixeira e nossa [...]<\/p><\/div><\/div><div class=\"fusion-clearfix\"><\/div><div class=\"fusion-meta-info\"><div class=\"fusion-alignleft\"><span class=\"vcard\" style=\"display: none;\"><span class=\"fn\"><a href=\"https:\/\/csr.ufmg.br\/ppgamsa\/author\/modelagem\/\" title=\"Posts de Secretaria\" rel=\"author\">Secretaria<\/a><\/span><\/span><span class=\"updated\" style=\"display:none;\">2026-03-27T20:19:53-03:00<\/span><span>27 de mar\u00e7o de 2026<\/span><span class=\"fusion-inline-sep\">|<\/span><a href=\"https:\/\/csr.ufmg.br\/ppgamsa\/category\/sem-categoria-pt\/\" rel=\"category tag\">Sem categoria<\/a><span class=\"fusion-inline-sep\">|<\/span><\/div><\/div><\/article>\n<article id=\"blog-1-post-3329\" class=\"fusion-post-large post-3329 post type-post status-publish format-standard hentry category-sem-categoria-pt\">\n\t<style type=\"text\/css\">\n\t\t\n\t\t\n\t\t\n\t\t\n\t\t\t<\/style>\n\n\n<div class=\"fusion-post-content post-content\"><h2 class=\"blog-shortcode-post-title entry-title\"><a href=\"https:\/\/csr.ufmg.br\/ppgamsa\/defesa-de-qualificacao-de-doutorado-da-aluna-sissy-de-andrade-ferreira\/\">Defesa de Qualifica\u00e7\u00e3o de Doutorado da aluna SISSY DE ANDRADE FERREIRA<\/a><\/h2><div class=\"fusion-post-content-container\"><p>Via plataforma Teams, por meio do link de acesso\u00a0&lt;\u00a0https:\/\/teams.live.com\/meet\/93403789682286?p=Q4yppyVUCb3vzJS5u9&gt;<\/p><\/div><\/div><div class=\"fusion-clearfix\"><\/div><div class=\"fusion-meta-info\"><div class=\"fusion-alignleft\"><span class=\"vcard\" style=\"display: none;\"><span class=\"fn\"><a href=\"https:\/\/csr.ufmg.br\/ppgamsa\/author\/modelagem\/\" title=\"Posts de Secretaria\" rel=\"author\">Secretaria<\/a><\/span><\/span><span class=\"updated\" style=\"display:none;\">2026-03-24T12:41:57-03:00<\/span><span>24 de mar\u00e7o de 2026<\/span><span class=\"fusion-inline-sep\">|<\/span><a href=\"https:\/\/csr.ufmg.br\/ppgamsa\/category\/sem-categoria-pt\/\" rel=\"category tag\">Sem categoria<\/a><span class=\"fusion-inline-sep\">|<\/span><\/div><\/div><\/article>\n<article id=\"blog-1-post-3319\" class=\"fusion-post-large post-3319 post type-post status-publish format-standard hentry category-noticias\">\n\t<style type=\"text\/css\">\n\t\t\n\t\t\n\t\t\n\t\t\n\t\t\t<\/style>\n\n\n<div class=\"fusion-post-content post-content\"><h2 class=\"blog-shortcode-post-title entry-title\"><a href=\"https:\/\/csr.ufmg.br\/ppgamsa\/workshop-estrategias-para-mitigacao-dos-efeitos-da-poluicao-luminosa-e-sonora\/\">Workshop Estrat\u00e9gias para Mitiga\u00e7\u00e3o dos Efeitos da Polui\u00e7\u00e3o Luminosa e Sonora<\/a><\/h2><div class=\"fusion-post-content-container\"><p><\/p><\/div><\/div><div class=\"fusion-clearfix\"><\/div><div class=\"fusion-meta-info\"><div class=\"fusion-alignleft\"><span class=\"vcard\" style=\"display: none;\"><span class=\"fn\"><a href=\"https:\/\/csr.ufmg.br\/ppgamsa\/author\/modelagem\/\" title=\"Posts de Secretaria\" rel=\"author\">Secretaria<\/a><\/span><\/span><span class=\"updated\" style=\"display:none;\">2026-03-19T10:55:57-03:00<\/span><span>19 de mar\u00e7o de 2026<\/span><span class=\"fusion-inline-sep\">|<\/span><a href=\"https:\/\/csr.ufmg.br\/ppgamsa\/category\/noticias\/\" rel=\"category tag\">Not\u00edcias<\/a><span class=\"fusion-inline-sep\">|<\/span><\/div><\/div><\/article>\n<article id=\"blog-1-post-3315\" class=\"fusion-post-large post-3315 post type-post status-publish format-standard hentry category-sem-categoria-pt\">\n\t<style type=\"text\/css\">\n\t\t\n\t\t\n\t\t\n\t\t\n\t\t\t<\/style>\n\n\n<div class=\"fusion-post-content post-content\"><h2 class=\"blog-shortcode-post-title entry-title\"><a href=\"https:\/\/csr.ufmg.br\/ppgamsa\/convite-seminarios-de-dissertacao-do-aluno-victor-cesar-goncalves-silva\/\">Convite: Semin\u00e1rios de Disserta\u00e7\u00e3o do aluno Victor C\u00e9sar Gon\u00e7alves Silva<\/a><\/h2><div class=\"fusion-post-content-container\"><p>Via Plataforma Meet, por meio do link de acesso &lt;https:\/\/meet.google.com\/zco-ccwg-sap&gt;.<\/p><\/div><\/div><div class=\"fusion-clearfix\"><\/div><div class=\"fusion-meta-info\"><div class=\"fusion-alignleft\"><span class=\"vcard\" style=\"display: none;\"><span class=\"fn\"><a href=\"https:\/\/csr.ufmg.br\/ppgamsa\/author\/modelagem\/\" title=\"Posts de Secretaria\" rel=\"author\">Secretaria<\/a><\/span><\/span><span class=\"updated\" style=\"display:none;\">2026-03-19T10:29:52-03:00<\/span><span>19 de mar\u00e7o de 2026<\/span><span class=\"fusion-inline-sep\">|<\/span><a href=\"https:\/\/csr.ufmg.br\/ppgamsa\/category\/sem-categoria-pt\/\" rel=\"category tag\">Sem categoria<\/a><span class=\"fusion-inline-sep\">|<\/span><\/div><\/div><\/article>\n<article id=\"blog-1-post-3311\" class=\"fusion-post-large post-3311 post type-post status-publish format-standard hentry category-noticias\">\n\t<style type=\"text\/css\">\n\t\t\n\t\t\n\t\t\n\t\t\n\t\t\t<\/style>\n\n\n<div class=\"fusion-post-content post-content\"><h2 class=\"blog-shortcode-post-title entry-title\"><a href=\"https:\/\/csr.ufmg.br\/ppgamsa\/resultado-final-programa-de-monitoria-de-graduacao-pmg-pos-graduacao\/\">Resultado final: Programa de Monitoria de Gradua\u00e7\u00e3o (PMG) P\u00f3s-Gradua\u00e7\u00e3o<\/a><\/h2><div class=\"fusion-post-content-container\"><p>O Departamento de Cartografia, em conjunto com o Colegiado de [...]<\/p><\/div><\/div><div class=\"fusion-clearfix\"><\/div><div class=\"fusion-meta-info\"><div class=\"fusion-alignleft\"><span class=\"vcard\" style=\"display: none;\"><span class=\"fn\"><a href=\"https:\/\/csr.ufmg.br\/ppgamsa\/author\/modelagem\/\" title=\"Posts de Secretaria\" rel=\"author\">Secretaria<\/a><\/span><\/span><span class=\"updated\" style=\"display:none;\">2026-03-18T06:52:59-03:00<\/span><span>18 de mar\u00e7o de 2026<\/span><span class=\"fusion-inline-sep\">|<\/span><a href=\"https:\/\/csr.ufmg.br\/ppgamsa\/category\/noticias\/\" rel=\"category tag\">Not\u00edcias<\/a><span class=\"fusion-inline-sep\">|<\/span><\/div><\/div><\/article>\n<article id=\"blog-1-post-3307\" class=\"fusion-post-large post-3307 post type-post status-publish format-standard hentry category-noticias\">\n\t<style type=\"text\/css\">\n\t\t\n\t\t\n\t\t\n\t\t\n\t\t\t<\/style>\n\n\n<div class=\"fusion-post-content post-content\"><h2 class=\"blog-shortcode-post-title entry-title\"><a href=\"https:\/\/csr.ufmg.br\/ppgamsa\/resultado-final-isolada\/\">Resultado Final Isolada<\/a><\/h2><div class=\"fusion-post-content-container\"><p>Clique no arquivo abaixo para conferir o resultado final dos [...]<\/p><\/div><\/div><div class=\"fusion-clearfix\"><\/div><div class=\"fusion-meta-info\"><div class=\"fusion-alignleft\"><span class=\"vcard\" style=\"display: none;\"><span class=\"fn\"><a href=\"https:\/\/csr.ufmg.br\/ppgamsa\/author\/modelagem\/\" title=\"Posts de Secretaria\" rel=\"author\">Secretaria<\/a><\/span><\/span><span class=\"updated\" style=\"display:none;\">2026-03-18T06:48:49-03:00<\/span><span>18 de mar\u00e7o de 2026<\/span><span class=\"fusion-inline-sep\">|<\/span><a href=\"https:\/\/csr.ufmg.br\/ppgamsa\/category\/noticias\/\" rel=\"category tag\">Not\u00edcias<\/a><span class=\"fusion-inline-sep\">|<\/span><\/div><\/div><\/article>\n<article id=\"blog-1-post-3285\" class=\"fusion-post-large post-3285 post type-post status-publish format-standard hentry category-noticias\">\n\t<style type=\"text\/css\">\n\t\t\n\t\t\n\t\t\n\t\t\n\t\t\t<\/style>\n\n\n<div class=\"fusion-post-content post-content\"><h2 class=\"blog-shortcode-post-title entry-title\"><a href=\"https:\/\/csr.ufmg.br\/ppgamsa\/comunicado-matricula-isolada-2026-1\/\">Comunicado: Matr\u00edcula Isolada 2026\/1<\/a><\/h2><div class=\"fusion-post-content-container\"><p>Prezados(as), Informamos que, por motivos t\u00e9cnicos, a divulga\u00e7\u00e3o do resultado [...]<\/p><\/div><\/div><div class=\"fusion-clearfix\"><\/div><div class=\"fusion-meta-info\"><div class=\"fusion-alignleft\"><span class=\"vcard\" style=\"display: none;\"><span class=\"fn\"><a href=\"https:\/\/csr.ufmg.br\/ppgamsa\/author\/modelagem\/\" title=\"Posts de Secretaria\" rel=\"author\">Secretaria<\/a><\/span><\/span><span class=\"updated\" style=\"display:none;\">2026-03-05T21:33:31-03:00<\/span><span>5 de mar\u00e7o de 2026<\/span><span class=\"fusion-inline-sep\">|<\/span><a href=\"https:\/\/csr.ufmg.br\/ppgamsa\/category\/noticias\/\" rel=\"category tag\">Not\u00edcias<\/a><span class=\"fusion-inline-sep\">|<\/span><\/div><\/div><\/article>\n<\/div><div class=\"pagination clearfix\"><span class=\"current\">1<\/span><a href=\"https:\/\/csr.ufmg.br\/ppgamsa\/wp-json\/wp\/v2\/pages\/2508\/page\/2\/\" class=\"inactive\">2<\/a><a class=\"pagination-next\" rel=\"next\" href=\"https:\/\/csr.ufmg.br\/ppgamsa\/wp-json\/wp\/v2\/pages\/2508\/page\/2\/\"><span class=\"page-text\">Pr\u00f3ximo<\/span><span class=\"page-next\"><\/span><\/a><\/div><div class=\"fusion-clearfix\"><\/div><\/div><\/div><\/div><style type=\"text\/css\">.fusion-body .fusion-builder-column-0{width:100% !important;margin-top : 0px;margin-bottom : 20px;}.fusion-builder-column-0 > .fusion-column-wrapper {padding-top : 0px !important;padding-right : 0px !important;margin-right : 1.92%;padding-bottom : 0px !important;padding-left : 0px !important;margin-left : 1.92%;}@media only screen and (max-width:1024px) {.fusion-body .fusion-builder-column-0{width:100% !important;order : 0;}.fusion-builder-column-0 > .fusion-column-wrapper {margin-right : 1.92%;margin-left : 1.92%;}}@media only screen and (max-width:640px) {.fusion-body .fusion-builder-column-0{width:100% !important;order : 0;}.fusion-builder-column-0 > .fusion-column-wrapper {margin-right : 1.92%;margin-left : 1.92%;}}<\/style><\/div><style type=\"text\/css\">.fusion-body .fusion-flex-container.fusion-builder-row-1{ padding-top : 0px;margin-top : 0px;padding-right : 0px;padding-bottom : 0px;margin-bottom : 0px;padding-left : 0px;}<\/style><\/div>\n","protected":false},"excerpt":{"rendered":"","protected":false},"author":4,"featured_media":0,"parent":2439,"menu_order":8,"comment_status":"closed","ping_status":"closed","template":"","meta":[],"_links":{"self":[{"href":"https:\/\/csr.ufmg.br\/ppgamsa\/wp-json\/wp\/v2\/pages\/2508"}],"collection":[{"href":"https:\/\/csr.ufmg.br\/ppgamsa\/wp-json\/wp\/v2\/pages"}],"about":[{"href":"https:\/\/csr.ufmg.br\/ppgamsa\/wp-json\/wp\/v2\/types\/page"}],"author":[{"embeddable":true,"href":"https:\/\/csr.ufmg.br\/ppgamsa\/wp-json\/wp\/v2\/users\/4"}],"replies":[{"embeddable":true,"href":"https:\/\/csr.ufmg.br\/ppgamsa\/wp-json\/wp\/v2\/comments?post=2508"}],"version-history":[{"count":3,"href":"https:\/\/csr.ufmg.br\/ppgamsa\/wp-json\/wp\/v2\/pages\/2508\/revisions"}],"predecessor-version":[{"id":2586,"href":"https:\/\/csr.ufmg.br\/ppgamsa\/wp-json\/wp\/v2\/pages\/2508\/revisions\/2586"}],"up":[{"embeddable":true,"href":"https:\/\/csr.ufmg.br\/ppgamsa\/wp-json\/wp\/v2\/pages\/2439"}],"wp:attachment":[{"href":"https:\/\/csr.ufmg.br\/ppgamsa\/wp-json\/wp\/v2\/media?parent=2508"}],"curies":[{"name":"wp","href":"https:\/\/api.w.org\/{rel}","templated":true}]}}