{"id":3016,"date":"2025-10-13T11:47:39","date_gmt":"2025-10-13T14:47:39","guid":{"rendered":"https:\/\/csr.ufmg.br\/ppgamsa\/?page_id=3016"},"modified":"2025-11-28T12:45:12","modified_gmt":"2025-11-28T14:45:12","slug":"submissoes","status":"publish","type":"page","link":"https:\/\/csr.ufmg.br\/ppgamsa\/submissoes\/","title":{"rendered":"Submiss\u00f5es"},"content":{"rendered":"<p style=\"text-align: center;\"><strong>Normas para Submiss\u00e3o<\/strong><\/p>\n<div><strong>Acesse as Normas de Submiss\u00e3o:<\/strong> <a href=\"https:\/\/csr.ufmg.br\/ppgamsa\/wp-content\/uploads\/2025\/10\/Normas-de-Submissao.pdf\">Clique aqui<\/a><\/div>\n<div><strong>Acesse o Template (resumo):<\/strong> <a href=\"https:\/\/csr.ufmg.br\/ppgamsa\/wp-content\/uploads\/2025\/10\/Template.docx\">Clique aqui<\/a><\/div>\n<div><strong>Acesse o Template (p\u00f4ster):<\/strong> <a href=\"https:\/\/csr.ufmg.br\/ppgamsa\/wp-content\/uploads\/2025\/11\/Clique-Aqui.pptx\">Clique Aqui<\/a><strong> (o p\u00f4ster deve ser impresso nas dimens\u00f5es de 90 cm x 120 cm)<\/strong><\/div>\n<div><\/div>\n<p><!--more--><\/p>\n<div><strong>Per\u00edodo de submiss\u00e3o<\/strong>: 20 de outubro a 20 de novembro de 2025<\/div>\n<p><strong>Formato:<\/strong> Resumo expandido, em arquivo Word (.doc ou .docx)<\/p>\n<p><strong>Extens\u00e3o:<\/strong> Entre 3 e 5 p\u00e1ginas, podendo conter 6 p\u00e1ginas caso uma delas seja destinada a uma figura em p\u00e1gina inteira, quando esta for essencial \u00e0 compreens\u00e3o do trabalho.<\/p>\n<p><strong>Figuras e tabelas:<\/strong> Devem ser inseridas no corpo do texto, pr\u00f3ximas ao trecho em que s\u00e3o mencionadas.<\/p>\n<p><strong>Identifica\u00e7\u00e3o dos autores:<\/strong> O arquivo n\u00e3o deve conter informa\u00e7\u00f5es dos autores, para garantir uma avalia\u00e7\u00e3o cega. As informa\u00e7\u00f5es dos autores dever\u00e3o constar apenas no corpo do e-mail de submiss\u00e3o, na seguinte ordem: (1) Nome completo; (2) T\u00edtulo acad\u00eamico ou curso em que est\u00e1 inserido; (3) Institui\u00e7\u00e3o; (4) E-mail para contato; (Repetir para todos os autores).<\/p>\n<p><strong>Envio:<\/strong> O trabalho deve ser enviado por e-mail, utilizando o t\u00edtulo do trabalho como assunto da mensagem. <strong>No corpo do e-mail, gentileza indicar o eixo tem\u00e1tico.\u00a0<\/strong><\/p>\n<p><strong>Submiss\u00f5es por autor:<\/strong> Cada autor poder\u00e1 submeter at\u00e9 dois trabalhos.<\/p>\n<p><strong>Inscri\u00e7\u00e3o obrigat\u00f3ria:<\/strong> Pelo menos um dos autores deve estar inscrito no evento, sendo este o respons\u00e1vel pela submiss\u00e3o do trabalho.<\/p>\n<p><strong>Contato: submissaosimposio.igc@gmail.com<\/strong><\/p>\n<p><strong>Site: <\/strong><a href=\"https:\/\/csr.ufmg.br\/ppgamsa\/eventos\/\">https:\/\/csr.ufmg.br\/ppgamsa\/eventos\/<\/a><\/p>\n<p><strong>Instagram: <\/strong>@simposiodemodelagem<\/p>\n<p><strong>Eixos Tem\u00e1ticos<\/strong><\/p>\n<p>Os trabalhos dever\u00e3o estar inseridos em um dos seguintes eixos:<\/p>\n<p><strong>1 &#8211; Forma\u00e7\u00e3o, Configura\u00e7\u00e3o e Din\u00e2micas Territoriais<\/strong><\/p>\n<p>Abrange estudos sobre a forma\u00e7\u00e3o hist\u00f3rica, social e econ\u00f4mica dos territ\u00f3rios, bem como as transforma\u00e7\u00f5es resultantes de processos pol\u00edticos, produtivos e culturais. S\u00e3o bem-vindos trabalhos sobre urbaniza\u00e7\u00e3o, ruralidades, din\u00e2micas populacionais, migra\u00e7\u00e3o, disputas e conflitos territoriais, din\u00e2micas de resist\u00eancia (agricultura urbana, territ\u00f3rios miner\u00e1rios, povos tradicionais), reconfigura\u00e7\u00f5es espaciais e uso do solo.<\/p>\n<p><strong>2 &#8211; Planejamento, Ordenamento e Gest\u00e3o Territorial<\/strong><\/p>\n<p>Re\u00fane discuss\u00f5es e experi\u00eancias sobre instrumentos de planejamento urbano e regional, gest\u00e3o participativa, pol\u00edticas p\u00fablicas, governan\u00e7a territorial e ordenamento do espa\u00e7o. Inclui estudos sobre planos diretores, zoneamentos, planos de bacia, desenvolvimento local, gest\u00e3o de riscos, licenciamento ambiental, programas estrat\u00e9gicos, novas metodologias e demais instrumentos e institutos que influ\u00eancias nas din\u00e2micas territoriais.<\/p>\n<p><strong>3 &#8211; An\u00e1lise de Sistemas Ambientais<\/strong><\/p>\n<p>Foca na caracteriza\u00e7\u00e3o e diagn\u00f3stico de sistemas ambientais, abordando aspectos f\u00edsicos, bi\u00f3ticos e socioambientais. Enquadram-se neste eixo trabalhos sobre geologia, geomorfologia, hidrografia, clima, vegeta\u00e7\u00e3o, solos, impactos ambientais e vulnerabilidades e potencialidades ambientais.<\/p>\n<p><strong>4 &#8211; Modelagem de Sistemas Ambientais<\/strong><\/p>\n<p>Destina-se a pesquisas que utilizem modelagem, simula\u00e7\u00e3o e an\u00e1lises espaciais aplicadas ao meio ambiente e \u00e0 organiza\u00e7\u00e3o do territ\u00f3rio. Inclui o uso de geotecnologias, sensoriamento remoto, modelagem de cen\u00e1rios, an\u00e1lise multicrit\u00e9rio, machine learning, estat\u00edstica espacial, webgis, estrutura\u00e7\u00e3o de banco de dados, entre outros.<\/p>\n<p><strong>5 &#8211; Ecologia da Paisagem<\/strong><\/p>\n<p>Envolve estudos sobre estrutura, fun\u00e7\u00e3o e din\u00e2mica das paisagens em diferentes escalas. S\u00e3o esperados trabalhos sobre fragmenta\u00e7\u00e3o, conectividade, corredores ecol\u00f3gicos, padr\u00f5es de uso e cobertura da terra, servi\u00e7os ecossist\u00eamicos e intera\u00e7\u00f5es entre sistemas naturais e antr\u00f3picos.<\/p>\n<div dir=\"ltr\">\n<div><\/div>\n<\/div>\n","protected":false},"excerpt":{"rendered":"<p>Normas para Submiss\u00e3o Acesse as Normas de Submiss\u00e3o: Clique aqui [&hellip;]<\/p>\n","protected":false},"author":4,"featured_media":3086,"parent":0,"menu_order":0,"comment_status":"closed","ping_status":"closed","template":"","meta":[],"_links":{"self":[{"href":"https:\/\/csr.ufmg.br\/ppgamsa\/wp-json\/wp\/v2\/pages\/3016"}],"collection":[{"href":"https:\/\/csr.ufmg.br\/ppgamsa\/wp-json\/wp\/v2\/pages"}],"about":[{"href":"https:\/\/csr.ufmg.br\/ppgamsa\/wp-json\/wp\/v2\/types\/page"}],"author":[{"embeddable":true,"href":"https:\/\/csr.ufmg.br\/ppgamsa\/wp-json\/wp\/v2\/users\/4"}],"replies":[{"embeddable":true,"href":"https:\/\/csr.ufmg.br\/ppgamsa\/wp-json\/wp\/v2\/comments?post=3016"}],"version-history":[{"count":15,"href":"https:\/\/csr.ufmg.br\/ppgamsa\/wp-json\/wp\/v2\/pages\/3016\/revisions"}],"predecessor-version":[{"id":3140,"href":"https:\/\/csr.ufmg.br\/ppgamsa\/wp-json\/wp\/v2\/pages\/3016\/revisions\/3140"}],"wp:featuredmedia":[{"embeddable":true,"href":"https:\/\/csr.ufmg.br\/ppgamsa\/wp-json\/wp\/v2\/media\/3086"}],"wp:attachment":[{"href":"https:\/\/csr.ufmg.br\/ppgamsa\/wp-json\/wp\/v2\/media?parent=3016"}],"curies":[{"name":"wp","href":"https:\/\/api.w.org\/{rel}","templated":true}]}}