{"id":362,"date":"2021-02-07T04:21:13","date_gmt":"2021-02-07T06:21:13","guid":{"rendered":"https:\/\/csr.ufmg.br\/ppgamsa\/?page_id=362"},"modified":"2024-09-24T13:32:15","modified_gmt":"2024-09-24T16:32:15","slug":"resolucoes","status":"publish","type":"page","link":"https:\/\/csr.ufmg.br\/ppgamsa\/br\/programa\/resolucoes\/","title":{"rendered":"Normas Acad\u00eamicas"},"content":{"rendered":"<div class=\"fusion-fullwidth fullwidth-box fusion-builder-row-1 fusion-flex-container nonhundred-percent-fullwidth non-hundred-percent-height-scrolling\" style=\"background-color: rgba(255,255,255,0);background-position: center center;background-repeat: no-repeat;border-width: 0px 0px 0px 0px;border-color:#eae9e9;border-style:solid;\" ><div class=\"fusion-builder-row fusion-row fusion-flex-align-items-flex-start\" style=\"max-width:1248px;margin-left: calc(-4% \/ 2 );margin-right: calc(-4% \/ 2 );\"><div class=\"fusion-layout-column fusion_builder_column fusion-builder-column-0 fusion_builder_column_1_1 1_1 fusion-flex-column\"><div class=\"fusion-column-wrapper fusion-flex-justify-content-flex-start fusion-content-layout-column\" style=\"background-position:left top;background-repeat:no-repeat;-webkit-background-size:cover;-moz-background-size:cover;-o-background-size:cover;background-size:cover;padding: 0px 0px 0px 0px;\"><style type=\"text\/css\">@media only screen and (max-width:1024px) {.fusion-title.fusion-title-1{margin-top:10px!important;margin-bottom:30px!important;}}<\/style><div class=\"fusion-title title fusion-title-1 fusion-title-text fusion-title-size-one\" style=\"margin-top:10px;margin-bottom:30px;\"><div class=\"title-sep-container title-sep-container-left fusion-no-large-visibility fusion-no-medium-visibility fusion-no-small-visibility\"><div class=\"title-sep sep-\" style=\"border-color:#ae895d;\"><\/div><\/div><h1 class=\"title-heading-left\" style=\"margin:0;\">Resolu\u00e7\u00f5es e Normas Acad\u00eamicas<\/h1><div class=\"title-sep-container title-sep-container-right\"><div class=\"title-sep sep-\" style=\"border-color:#ae895d;\"><\/div><\/div><\/div><div class=\"fusion-text fusion-text-1\"><div>\n<ul>\n<li><a href=\"https:\/\/csr.ufmg.br\/ppgamsa\/wp-content\/uploads\/2022\/03\/Resolucao-coorientacao.pdf\" target=\"_blank\" rel=\"noopener noreferrer\">Resolu\u00e7\u00e3o N\u00ba 004\/2021 &#8211; Crit\u00e9rios para a Coorienta\u00e7\u00e3o<\/a><\/li>\n<li><a href=\"https:\/\/csr.ufmg.br\/ppgamsa\/wp-content\/uploads\/2022\/03\/Resolucao-Mudanca-de-nivel.pdf\" target=\"_blank\" rel=\"noopener noreferrer\">Resolu\u00e7\u00e3o N\u00ba 003\/2021 &#8211; Crit\u00e9rios para Mudan\u00e7a de N\u00edvel<\/a><\/li>\n<li><a href=\"https:\/\/csr.ufmg.br\/ppgamsa\/wp-content\/uploads\/2022\/03\/Resolucao-Bancas-de-qualificacoes-e-defesas.pdf\" target=\"_blank\" rel=\"noopener noreferrer\">Resolu\u00e7\u00e3o N\u00ba 002\/2021 &#8211; Regras para Bancas (Qualifica\u00e7\u00f5es e Defesas Finais)<\/a><\/li>\n<li><a href=\"https:\/\/csr.ufmg.br\/ppgamsa\/wp-content\/uploads\/2022\/03\/Resolucao-Credenciamento-e-Recredenciamento-de-Docentes-2020.pdf\" target=\"_blank\" rel=\"noopener noreferrer\">Resolu\u00e7\u00e3o N\u00ba 001\/2021 &#8211; Crit\u00e9rios para Credenciamento e Recredenciamento de docentes;<\/a><\/li>\n<li><a href=\"https:\/\/csr.ufmg.br\/ppgamsa\/wp-content\/uploads\/2022\/03\/ANEXO1-Solicitacao-de-credenciamento-PPG_AMSA_pos_revisao.xlsx\" target=\"_blank\" rel=\"noopener noreferrer\">Anexo 1 &#8211; Solicita\u00e7\u00e3o de Credenciamento e Recredenciamento<\/a><\/li>\n<li><a href=\"https:\/\/csr.ufmg.br\/ppgamsa\/wp-content\/uploads\/2021\/02\/Regulamento_2019.pdf\" target=\"_blank\" rel=\"noopener noreferrer\">Regulamento do Programa 2019<\/a><a href=\"http:\/\/www.igc.ufmg.br\/images\/pdf\/cartografia\/Regulamento_Mestrado-Doutorado.pdf\" target=\"_blank\" rel=\"noopener noreferrer\">;<\/a><\/li>\n<\/ul>\n<p><b style=\"background-color: rgba(255, 255, 255, 0); color: var(--body_typography-color); font-family: var(--body_typography-font-family); font-size: var(--body_typography-font-size); font-style: var(--body_typography-font-style,normal); letter-spacing: var(--body_typography-letter-spacing);\"> REGULAMENTOS ANTERIORES:<\/b><\/p>\n<ul>\n<li><a href=\"https:\/\/csr.ufmg.br\/ppgamsa\/wp-content\/uploads\/2021\/02\/Regulamento_An\u00e1lise_e_Modelagem.pdf\" target=\"_blank\" rel=\"noopener noreferrer\">Regulamento do Programa para os discentes ingressos at\u00e9 2018<\/a>;<\/li>\n<li><a href=\"https:\/\/csr.ufmg.br\/ppgamsa\/wp-content\/uploads\/2021\/02\/RegulaSeminario_Dissertacao2014.pdf\" target=\"_blank\" rel=\"noopener noreferrer\">Normas Semin\u00e1rio de Disserta\u00e7\u00e3o;<\/a><\/li>\n<li><a href=\"https:\/\/csr.ufmg.br\/ppgamsa\/wp-content\/uploads\/2021\/02\/Crit\u00e9rios_Credenciamento_2015.pdf\" target=\"_blank\" rel=\"noopener noreferrer\">Resolu\u00e7\u00e3o N\u00b0 001\/2015 &#8211; Estabelece crit\u00e9rios para credenciamento de docentes;<\/a><\/li>\n<li><a href=\"https:\/\/csr.ufmg.br\/ppgamsa\/wp-content\/uploads\/2021\/02\/Resolucao_Aux\u00edlioAlunos.pdf\" target=\"_blank\" rel=\"noopener noreferrer\">Resolu\u00e7\u00e3o N\u00b0 001\/2014 &#8211; Aprova os crit\u00e9rios para concess\u00e3o de aux\u00edlio financeiro aos alunos;<\/a><\/li>\n<li><a href=\"https:\/\/csr.ufmg.br\/ppgamsa\/wp-content\/uploads\/2021\/02\/AlteraResolucao_Aux\u00edlioAlunos.pdf\" target=\"_blank\" rel=\"noopener noreferrer\">Resolu\u00e7\u00e3o N\u00b0 003\/2014 &#8211; Altera a Resolu\u00e7\u00e3o 001\/2014<\/a><\/li>\n<\/ul>\n<\/div>\n<\/div><\/div><\/div><style type=\"text\/css\">.fusion-body .fusion-builder-column-0{width:100% !important;margin-top : 0px;margin-bottom : 20px;}.fusion-builder-column-0 > .fusion-column-wrapper {padding-top : 0px !important;padding-right : 0px !important;margin-right : 1.92%;padding-bottom : 0px !important;padding-left : 0px !important;margin-left : 1.92%;}@media only screen and (max-width:1024px) {.fusion-body .fusion-builder-column-0{width:100% !important;order : 0;}.fusion-builder-column-0 > .fusion-column-wrapper {margin-right : 1.92%;margin-left : 1.92%;}}@media only screen and (max-width:640px) {.fusion-body .fusion-builder-column-0{width:100% !important;order : 0;}.fusion-builder-column-0 > .fusion-column-wrapper {margin-right : 1.92%;margin-left : 1.92%;}}<\/style><\/div><style type=\"text\/css\">.fusion-body .fusion-flex-container.fusion-builder-row-1{ padding-top : 0px;margin-top : 0px;padding-right : 0px;padding-bottom : 0px;margin-bottom : 0px;padding-left : 0px;}<\/style><\/div>\n","protected":false},"excerpt":{"rendered":"","protected":false},"author":3,"featured_media":0,"parent":276,"menu_order":7,"comment_status":"closed","ping_status":"closed","template":"","meta":[],"_links":{"self":[{"href":"https:\/\/csr.ufmg.br\/ppgamsa\/wp-json\/wp\/v2\/pages\/362"}],"collection":[{"href":"https:\/\/csr.ufmg.br\/ppgamsa\/wp-json\/wp\/v2\/pages"}],"about":[{"href":"https:\/\/csr.ufmg.br\/ppgamsa\/wp-json\/wp\/v2\/types\/page"}],"author":[{"embeddable":true,"href":"https:\/\/csr.ufmg.br\/ppgamsa\/wp-json\/wp\/v2\/users\/3"}],"replies":[{"embeddable":true,"href":"https:\/\/csr.ufmg.br\/ppgamsa\/wp-json\/wp\/v2\/comments?post=362"}],"version-history":[{"count":12,"href":"https:\/\/csr.ufmg.br\/ppgamsa\/wp-json\/wp\/v2\/pages\/362\/revisions"}],"predecessor-version":[{"id":2468,"href":"https:\/\/csr.ufmg.br\/ppgamsa\/wp-json\/wp\/v2\/pages\/362\/revisions\/2468"}],"up":[{"embeddable":true,"href":"https:\/\/csr.ufmg.br\/ppgamsa\/wp-json\/wp\/v2\/pages\/276"}],"wp:attachment":[{"href":"https:\/\/csr.ufmg.br\/ppgamsa\/wp-json\/wp\/v2\/media?parent=362"}],"curies":[{"name":"wp","href":"https:\/\/api.w.org\/{rel}","templated":true}]}}