{"id":388,"date":"2021-02-07T04:50:13","date_gmt":"2021-02-07T06:50:13","guid":{"rendered":"https:\/\/csr.ufmg.br\/ppgamsa\/?page_id=388"},"modified":"2025-12-01T12:50:41","modified_gmt":"2025-12-01T14:50:41","slug":"docentes","status":"publish","type":"page","link":"https:\/\/csr.ufmg.br\/ppgamsa\/br\/programa\/docentes\/","title":{"rendered":"Docentes"},"content":{"rendered":"<div class=\"fusion-fullwidth fullwidth-box fusion-builder-row-1 fusion-flex-container nonhundred-percent-fullwidth non-hundred-percent-height-scrolling\" style=\"background-color: rgba(255,255,255,0);background-position: center center;background-repeat: no-repeat;border-width: 0px 0px 0px 0px;border-color:#eae9e9;border-style:solid;\" ><div class=\"fusion-builder-row fusion-row fusion-flex-align-items-flex-start\" style=\"max-width:1248px;margin-left: calc(-4% \/ 2 );margin-right: calc(-4% \/ 2 );\"><div class=\"fusion-layout-column fusion_builder_column fusion-builder-column-0 fusion_builder_column_1_1 1_1 fusion-flex-column\"><div class=\"fusion-column-wrapper fusion-flex-justify-content-flex-start fusion-content-layout-column\" style=\"background-position:left top;background-repeat:no-repeat;-webkit-background-size:cover;-moz-background-size:cover;-o-background-size:cover;background-size:cover;padding: 0px 0px 0px 0px;\"><style type=\"text\/css\">@media only screen and (max-width:1024px) {.fusion-title.fusion-title-1{margin-top:10px!important;margin-bottom:30px!important;}}<\/style><div class=\"fusion-title title fusion-title-1 fusion-title-text fusion-title-size-one\" style=\"margin-top:10px;margin-bottom:30px;\"><div class=\"title-sep-container title-sep-container-left fusion-no-large-visibility fusion-no-medium-visibility fusion-no-small-visibility\"><div class=\"title-sep sep-\" style=\"border-color:#ae895d;\"><\/div><\/div><h1 class=\"title-heading-left\" style=\"margin:0;\">Docentes<\/h1><div class=\"title-sep-container title-sep-container-right\"><div class=\"title-sep sep-\" style=\"border-color:#ae895d;\"><\/div><\/div><\/div><div class=\"fusion-text fusion-text-1\"><p><b>Adriana Monteiro da Costa<\/b> (Dra. UFLA, Brasil)<br \/>\n<span id=\"cloak64f3c19de56cfd29b932c91e9dccfcaf\"><\/span><a href=\"mailto:drimonteiroc@gmail.com\">drimonteiroc@gmail.com<\/a><br \/>\nPedologia, levantamento e classifica\u00e7\u00e3o de solos, f\u00edsica do solo, indicadores de sustentabilidade em agroecossistemas.<br \/>\n<a href=\"http:\/\/lattes.cnpq.br\/1744325625181595\">Acesso ao Lattes<\/a><\/p>\n<p><b>Br\u00e1ulio Magalh\u00e3es Fonseca <\/b>(Dr. UFMG, Brasil)<br \/>\n<span id=\"cloake755696568a3ca51119a022351138988\"><\/span><a href=\"mailto:brauliomagalhaes@gmail.com\">brauliomagalhaes@gmail.com<\/a><br \/>\nSensoriamento Remoto com uso de Drones, Geoinforma\u00e7\u00e3o para Cidades Inteligentes, Planejamento Territorial e Geomorfometria<br \/>\n<a href=\"http:\/\/lattes.cnpq.br\/8551916275030169\">Acesso ao Lattes<\/a><\/p>\n<p><b>Britaldo Silveira Soares Filho<\/b> (Dr. USP, Brasil)<br \/>\n<span id=\"cloak58c137a1b4ff8e1e1c3bb544d824598c\"><\/span><a href=\"mailto:britaldo@csr.ufmg.br\">britaldo@csr.ufmg.br<\/a><br \/>\nModelagem de sistemas, ecologia de paisagem, m\u00e9todos de simula\u00e7\u00e3o espacial, sensoriamento remoto e geoprocessamento aplicados a estudos ambientais.<br \/>\n<a href=\"http:\/\/buscatextual.cnpq.br\/buscatextual\/visualizacv.do?id=K4780185E6\" target=\"_blank\" rel=\"noopener noreferrer\">Acesso ao Lattes<\/a><\/p>\n<p><b>Camila Palhares Teixeira<\/b> (Dr. UFMG, Brasil)<br \/>\n<span id=\"cloakb151a12ea3d2b07660edf75cf4e0c014\"><\/span><a href=\"mailto:camila.teixeira@uemg.br\">camila.teixeira@uemg.br<\/a><br \/>\nEcologia, com \u00eanfase em Ecologia Urbana e Soundscape.<br \/>\n<a href=\"http:\/\/lattes.cnpq.br\/2563935738990997\">Acesso ao Lattes<\/a><\/p>\n<p><b>Carlos Fernando Ferreira Lobo<\/b> (Dr. UFMG, Brasil)<br \/>\n<span id=\"cloakd4884b8e824ac0efd2aa44f0110ceaa1\"><\/span><\/p>\n<div dir=\"ltr\">\n<div><a href=\"mailto:carloslobo@ufmg.br\">carloslobo@ufmg.br<\/a> ou <a href=\"mailto:carlosfflobo@gmail.com\">carlosfflobo@gmail.com<\/a><\/div>\n<\/div>\n<p>Geografia da Popula\u00e7\u00e3o e dos Transportes, especialmente nas linhas de pesquisa migra\u00e7\u00f5es\/mobilidade espacial da popula\u00e7\u00e3o, incluindo a utiliza\u00e7\u00e3o de m\u00e9todos quantitativos aplicados a an\u00e1lise espacial.<br \/>\n<a href=\"http:\/\/buscatextual.cnpq.br\/buscatextual\/visualizacv.do?id=K4766510J5\">Acesso ao Lattes<\/a><\/p>\n<p><b>Diego Rodrigues Macedo<\/b> (Dr. UFMG, Brasil)<br \/>\n<span id=\"cloak20b0cb6ec102c6835f2305b15f50ca5f\"><\/span><a href=\"mailto:diegorm@ufmg.br\">diegorm@ufmg.br<\/a><br \/>\nRecursos h\u00eddricos, Geoecologia, An\u00e1lise espacial, Estat\u00edstica espacial, Geotecnologias aplicadas ao planejamento ambiental.<br \/>\n<a href=\"http:\/\/buscatextual.cnpq.br\/buscatextual\/visualizacv.do?id=K4711341Y4\">Acesso ao Lattes<br \/>\n<\/a><a href=\"https:\/\/signtr.online\/tracker\/click?redirect=https%3A%2F%2Fwww.diegomacedo.pro.br%2F&amp;dID=1574422783415&amp;linkName=https:\/\/www.diegomacedo.pro.br\/\">https:\/\/www.diegomacedo.pro.br\/<\/a><\/p>\n<p><b>Fernando Figueiredo Goulart<\/b> (Dr. UnB, Brasil)<br \/>\n<span id=\"cloak4481bf4b43684549199347bb45288a7e\"><\/span><a href=\"mailto:goulart.ff@gmail.com\">goulart.ff@gmail.com<\/a><br \/>\nEcologia da paisagem, Biologia da Conserva\u00e7\u00e3o, Ornitologia, Ecologia Humana, Modelagem Ambiental, Agroecologia, Sociologia Ambiental, Seguran\u00e7a Alimentar e Economia Ecol\u00f3gica.<br \/>\n<a href=\"http:\/\/buscatextual.cnpq.br\/buscatextual\/visualizacv.do?id=K4702647U8\" target=\"_blank\" rel=\"noopener noreferrer\">Acesso ao Lattes<\/a><\/p>\n<p><b>Jefersson Alex dos Santos <\/b>(Dr. Universit\u00e9 de Cergy-Pontoise\/Unicamp)<br \/>\n<span id=\"cloak73ce4880d57b9bda15c3e361d447a7db\"><\/span><a href=\"mailto:jefersson@dcc.ufmg.br\">jefersson@dcc.ufmg.br<\/a><br \/>\nProcessamento de Imagens; Aprendizado de M\u00e1quina; Sensoriamento Remoto; Vis\u00e3o Computacional.<br \/>\n<a href=\"http:\/\/lattes.cnpq.br\/2171782600728348\">Acesso ao Lattes<\/a><\/p>\n<p><b>Marcelo Ant\u00f4nio Nero<\/b> (Dr. USP, Brasil)<br \/>\n<span id=\"cloak361af21f4c6147547ee76123c377f625\"><\/span><a href=\"mailto:marcelo.nero@gmail.com\">marcelo.nero@gmail.com<\/a><br \/>\nQualidade posicional de dados espaciais e qualidade tem\u00e1tica de dados espaciais.<br \/>\n<a href=\"http:\/\/buscatextual.cnpq.br\/buscatextual\/visualizacv.do?id=K4703668J6\" target=\"_blank\" rel=\"noopener noreferrer\">Acesso ao Lattes<\/a><\/p>\n<p><b>Marcos Ant\u00f4nio Timb\u00f3 Elmiro<\/b> (Dr. INPE, Brasil)<br \/>\n<span id=\"cloakb7955f018af527595de27cc2d57693da\"><\/span><a href=\"mailto:mtimbo@ufmg.br\">mtimbo@ufmg.br<\/a> Modelos Digitais de Eleva\u00e7\u00e3o, Sensoriamento Remoto e Processamento de Imagens.<br \/>\n<a href=\"http:\/\/buscatextual.cnpq.br\/buscatextual\/visualizacv.do?id=K4791007E8\" target=\"_blank\" rel=\"noopener noreferrer\">Acesso ao Lattes<\/a><\/p>\n<p><b>Pl\u00ednio da Costa Temba<\/b> (Dr., UFSC, Brasil)<br \/>\n<span id=\"cloakfb25070dfac4f0b6008794b85fd8c6ae\"><\/span><a href=\"mailto:temba@ufmg.br\">temba@ufmg.br<\/a><br \/>\nFotogrametria Digital, Cartografia Digital, Correla\u00e7\u00e3o Digital, Processamento Digital de Imagens, Tecnologia GNSS e Lasermetria.<br \/>\n<a href=\"http:\/\/buscatextual.cnpq.br\/buscatextual\/visualizacv.do?id=K4765628Y9\" target=\"_blank\" rel=\"noopener noreferrer\">Acesso ao Lattes<\/a><\/p>\n<p><b>Raoni Guerra Lucas Raj\u00e3o<\/b> (Dr. Lancaster University, Inglaterra)<br \/>\n<span id=\"cloak56e0d0b6193deb803266c96fea6e2ba4\"><\/span><a href=\"mailto:rajao@ufmg.br\">rajao@ufmg.br<\/a><br \/>\nRela\u00e7\u00e3o entre tecnologia, ci\u00eancia e pol\u00edticas p\u00fablicas, com \u00eanfase na avalia\u00e7\u00e3o de pol\u00edticas de controle do desmatamento e de pagamento por servi\u00e7os ambientais.<br \/>\n<a href=\"http:\/\/buscatextual.cnpq.br\/buscatextual\/visualizacv.do?id=K4254261Y4\" target=\"_blank\" rel=\"noopener noreferrer\">Acesso ao Lattes<\/a><\/p>\n<p><b>Ricardo Alexandrino Garcia<\/b> (Dr. UFMG, Brasil)<br \/>\n<span id=\"cloak7274cf62d99ed003b4fcb67a17147bc6\"><\/span><a href=\"mailto:alexandrinogarcia@gmail.com\">alexandrinogarcia@gmail.com<\/a><br \/>\nAn\u00e1lise territorial, modelagem de sistemas din\u00e2micos e Desenvolvimento Econ\u00f4mico e Social.<br \/>\n<a href=\"http:\/\/buscatextual.cnpq.br\/buscatextual\/visualizacv.do?id=K4797346P0\" target=\"_blank\" rel=\"noopener noreferrer\">Acesso ao Lattes<\/a><\/p>\n<p><b>Rodrigo Affonso de Albuquerque N\u00f3brega<\/b> (Dr. UFMG, Brasil)<br \/>\n<span id=\"cloakcdf256c507a9cf0a7413ea0d92f9ee44\"><\/span><a href=\"mailto:raanobrega@ufmg.br\">raanobrega@ufmg.br<\/a><br \/>\nIntelig\u00eancia geogr\u00e1fica aplicada ao planejamento de transportes; geoprocessamento aplicado ao sistema de suporte a decis\u00e3o; estudo de viabilidade t\u00e9cnica, econ\u00f4mica e ambiental; sensoriamento remoto e ecologia de transportes.<br \/>\n<a href=\"http:\/\/buscatextual.cnpq.br\/buscatextual\/visualizacv.do?id=K4763016A9\" target=\"_blank\" rel=\"noopener noreferrer\">Acesso ao Lattes<\/a><\/p>\n<p><b>S\u00f3nia Maria Carvalho Ribeiro<\/b> (Dra. UEA, Inglaterra)<br \/>\n<span id=\"cloak9cfeb3d7f207806dd9932aa2ffa571fb\"><\/span><a href=\"mailto:soniacarvalhoribeiro@cart.igc.ufmg.br\">soniacarvalhoribeiro@cart.igc.ufmg.br<\/a><br \/>\nEcologia da Paisagem, Desenvolvimento Rural Sustentado, Mapeamento de Servi\u00e7os Ecossist\u00eamicos, Produ\u00e7\u00e3o Agr\u00edcola Sustentada e Servi\u00e7os de Ecossistema Florestal.<br \/>\n<a href=\"http:\/\/buscatextual.cnpq.br\/buscatextual\/visualizacv.do?id=K4343891Z0\" target=\"_blank\" rel=\"noopener noreferrer\">Acesso ao Lattes<\/a><\/p>\n<p><b>Ubirajara de Oliveira<\/b> (Dr. UFMG, Brasil)<br \/>\n<span id=\"cloak8c38bba1b213bf1e4deda491ab0e9669\"><\/span><a href=\"mailto:ubiologia@yahoo.com.br\">ubiologia@yahoo.com.br<\/a><br \/>\nBiogeografia, macroecologia e modelagem espacial.<br \/>\n<a href=\"http:\/\/lattes.cnpq.br\/3671315229730205\">Acesso ao Lattes<\/a><\/p>\n<p><b>\u00darsula Ruchkys de Azevedo<\/b> (Dra. UFMG, Brasil)<br \/>\n<span id=\"cloak3bccbdaf5a7019f7672ff691cd7b538c\"><\/span><a href=\"mailto:ursularuchkyz@ufmg.br\">ursularuchkyz@ufmg.br<\/a><br \/>\nCartografia Digital, Educa\u00e7\u00e3o Ambiental, Interpreta\u00e7\u00e3o Ambiental, Divulga\u00e7\u00e3o e Ensino de Ci\u00eancias, Conserva\u00e7\u00e3o do Patrim\u00f4nio Natural e Geoturismo.<br \/>\n<a href=\"http:\/\/buscatextual.cnpq.br\/buscatextual\/visualizacv.do?id=K4792606D7\" target=\"_blank\" rel=\"noopener noreferrer\">Acesso ao Lattes<\/a><\/p>\n<p><b>Vagner Braga Nunes Coelho <\/b>(Dr. UFRJ, Brasil)<br \/>\n<span id=\"cloak83bcec1690fd58bfd263be35f57298e1\"><a href=\"mailto:vagnercoelho@hotmail.com\">vagnercoelho@hotmail.com<\/a><\/span><br \/>\nGeoci\u00eancias, Modelagem, Visualiza\u00e7\u00e3o tridimensional, Produ\u00e7\u00e3o cartogr\u00e1fica.<br \/>\n<a href=\"http:\/\/lattes.cnpq.br\/2875890657727753\">Acesso ao Lattes<\/a><\/p>\n<p><strong style=\"color: #027175;\">PROFESSORES COLABORADORES<\/strong><\/p>\n<p><b>Andr\u00e9 Luiz Fonseca Naime (<\/b>Dr. Waterloo\/UNB)<br \/>\n<span id=\"cloak8f3c58e9dbfafad731c23b8117d53949\"><\/span><a href=\"mailto:andre.naime.ibama@gmail.com\">andre.naime.ibama@gmail.com<\/a><br \/>\nAvalia\u00e7\u00e3o de impacto ambiental, an\u00e1lise de risco tecnol\u00f3gico e licenciamento e regula\u00e7\u00e3o ambiental.<br \/>\n<a href=\"http:\/\/lattes.cnpq.br\/1184490161532508\">Acesso ao Lattes<\/a><i><\/i><\/p>\n<p><b>Maria M\u00e1rcia Magela Machado<\/b> (Dra., UFMG, Brasil)<br \/>\n<span id=\"cloak94d9a96f569a85bee4bb29d6290a1e44\"><\/span><a href=\"mailto:mmarciamm@ufmg.br\">mmarciamm@ufmg.br<\/a><br \/>\nGeoprocessamento e Modelagem Computacional aplicados principalmente aos estudos da paisagem, geodiversidade e difus\u00e3o e conserva\u00e7\u00e3o do patrim\u00f4nio geol\u00f3gico.<br \/>\n<a href=\"http:\/\/buscatextual.cnpq.br\/buscatextual\/visualizacv.do?id=K4709237Y0\" target=\"_blank\" rel=\"noopener noreferrer\">Acesso ao Lattes<\/a><\/p>\n<\/div><div class=\"fusion-separator fusion-has-icon fusion-full-width-sep\" style=\"align-self: center;margin-left: auto;margin-right: auto;margin-top:20px;margin-bottom:20px;width:100%;\"><div class=\"fusion-separator-border sep-single sep-solid\" style=\"border-color:#ae895d;border-top-width:1px;\"><\/div><span class=\"icon-wrapper\" style=\"border-color:transparent;font-size:15px;width: 1.75em; height: 1.75em;border-width:1px;padding:1px;margin-top:-0.5px\"><i class=\"fa-angle-double-down fas\" style=\"font-size: inherit;color:#ae895d;\" aria-hidden=\"true\"><\/i><\/span><div class=\"fusion-separator-border sep-single sep-solid\" style=\"border-color:#ae895d;border-top-width:1px;\"><\/div><\/div><div class=\"fusion-text fusion-text-2\"><div><\/div>\n<\/div><\/div><\/div><style type=\"text\/css\">.fusion-body .fusion-builder-column-0{width:100% !important;margin-top : 0px;margin-bottom : 20px;}.fusion-builder-column-0 > .fusion-column-wrapper {padding-top : 0px !important;padding-right : 0px !important;margin-right : 1.92%;padding-bottom : 0px !important;padding-left : 0px !important;margin-left : 1.92%;}@media only screen and (max-width:1024px) {.fusion-body .fusion-builder-column-0{width:100% !important;order : 0;}.fusion-builder-column-0 > .fusion-column-wrapper {margin-right : 1.92%;margin-left : 1.92%;}}@media only screen and (max-width:640px) {.fusion-body .fusion-builder-column-0{width:100% !important;order : 0;}.fusion-builder-column-0 > .fusion-column-wrapper {margin-right : 1.92%;margin-left : 1.92%;}}<\/style><\/div><style type=\"text\/css\">.fusion-body .fusion-flex-container.fusion-builder-row-1{ padding-top : 0px;margin-top : 0px;padding-right : 0px;padding-bottom : 0px;margin-bottom : 0px;padding-left : 0px;}<\/style><\/div>\n","protected":false},"excerpt":{"rendered":"","protected":false},"author":3,"featured_media":0,"parent":276,"menu_order":7,"comment_status":"closed","ping_status":"closed","template":"","meta":[],"_links":{"self":[{"href":"https:\/\/csr.ufmg.br\/ppgamsa\/wp-json\/wp\/v2\/pages\/388"}],"collection":[{"href":"https:\/\/csr.ufmg.br\/ppgamsa\/wp-json\/wp\/v2\/pages"}],"about":[{"href":"https:\/\/csr.ufmg.br\/ppgamsa\/wp-json\/wp\/v2\/types\/page"}],"author":[{"embeddable":true,"href":"https:\/\/csr.ufmg.br\/ppgamsa\/wp-json\/wp\/v2\/users\/3"}],"replies":[{"embeddable":true,"href":"https:\/\/csr.ufmg.br\/ppgamsa\/wp-json\/wp\/v2\/comments?post=388"}],"version-history":[{"count":6,"href":"https:\/\/csr.ufmg.br\/ppgamsa\/wp-json\/wp\/v2\/pages\/388\/revisions"}],"predecessor-version":[{"id":3148,"href":"https:\/\/csr.ufmg.br\/ppgamsa\/wp-json\/wp\/v2\/pages\/388\/revisions\/3148"}],"up":[{"embeddable":true,"href":"https:\/\/csr.ufmg.br\/ppgamsa\/wp-json\/wp\/v2\/pages\/276"}],"wp:attachment":[{"href":"https:\/\/csr.ufmg.br\/ppgamsa\/wp-json\/wp\/v2\/media?parent=388"}],"curies":[{"name":"wp","href":"https:\/\/api.w.org\/{rel}","templated":true}]}}